{"id":1126,"date":"2026-04-27T08:59:11","date_gmt":"2026-04-27T08:59:11","guid":{"rendered":"https:\/\/chinaminiloader.com\/?post_type=product&#038;p=1126"},"modified":"2026-04-27T08:59:11","modified_gmt":"2026-04-27T08:59:11","slug":"remote-control-tracked-slope-mower-with-dozer-blade","status":"publish","type":"product","link":"https:\/\/chinaminiloader.com\/fr\/remote-control-tracked-slope-mower-with-dozer-blade\/","title":{"rendered":"Faucheuse de pente sur chenilles t\u00e9l\u00e9command\u00e9e avec lame de remblayage"},"content":{"rendered":"<p>La faucheuse de pente \u00e0 chenilles t\u00e9l\u00e9command\u00e9e est une solution polyvalente et robuste pour les terrains difficiles et les environnements exigeants. Con\u00e7ue avec un centre de gravit\u00e9 bas et des chenilles durables, elle offre une excellente stabilit\u00e9 sur les pentes raides et les surfaces irr\u00e9guli\u00e8res. La lame de remblayage int\u00e9gr\u00e9e \u00e0 l'avant am\u00e9liore sa fonctionnalit\u00e9, permettant la manutention de mat\u00e9riaux l\u00e9gers et le d\u00e9blayage de sites. Id\u00e9ale pour l'agriculture, l'am\u00e9nagement paysager et les applications de construction, cette machine am\u00e9liore l'efficacit\u00e9 tout en r\u00e9duisant les risques li\u00e9s \u00e0 la main-d'\u0153uvre. Son fonctionnement \u00e0 distance garantit la s\u00e9curit\u00e9 de l'op\u00e9rateur, ce qui la rend adapt\u00e9e aux zones dangereuses ou difficiles d'acc\u00e8s o\u00f9 les \u00e9quipements traditionnels ne peuvent pas \u00eatre efficaces.<\/p>","protected":false},"excerpt":{"rendered":"<p>Cette tondeuse sur chenilles t\u00e9l\u00e9command\u00e9e est con\u00e7ue pour les terrains escarp\u00e9s et les environnements difficiles. \u00c9quip\u00e9e d'un ch\u00e2ssis durable, d'un moteur puissant et d'une lame de remblayage avant, elle assure une tonte efficace de l'herbe, le d\u00e9frichage et la manutention de mat\u00e9riaux avec une s\u00e9curit\u00e9 et une stabilit\u00e9 accrues.<\/p>","protected":false},"featured_media":1127,"template":"","meta":{"_gspb_post_css":""},"product_brand":[],"product_cat":[27],"product_tag":[208,209,115],"class_list":{"0":"post-1126","1":"product","2":"type-product","3":"status-publish","4":"has-post-thumbnail","6":"product_cat-crawler-lawn-mower","7":"product_tag-remote-slope-mower","8":"product_tag-robotic-construction-mower","9":"product_tag-tracked-grass-cutter","11":"first","12":"instock","13":"shipping-taxable","14":"product-type-simple"},"_links":{"self":[{"href":"https:\/\/chinaminiloader.com\/fr\/wp-json\/wp\/v2\/product\/1126","targetHints":{"allow":["GET"]}}],"collection":[{"href":"https:\/\/chinaminiloader.com\/fr\/wp-json\/wp\/v2\/product"}],"about":[{"href":"https:\/\/chinaminiloader.com\/fr\/wp-json\/wp\/v2\/types\/product"}],"wp:featuredmedia":[{"embeddable":true,"href":"https:\/\/chinaminiloader.com\/fr\/wp-json\/wp\/v2\/media\/1127"}],"wp:attachment":[{"href":"https:\/\/chinaminiloader.com\/fr\/wp-json\/wp\/v2\/media?parent=1126"}],"wp:term":[{"taxonomy":"product_brand","embeddable":true,"href":"https:\/\/chinaminiloader.com\/fr\/wp-json\/wp\/v2\/product_brand?post=1126"},{"taxonomy":"product_cat","embeddable":true,"href":"https:\/\/chinaminiloader.com\/fr\/wp-json\/wp\/v2\/product_cat?post=1126"},{"taxonomy":"product_tag","embeddable":true,"href":"https:\/\/chinaminiloader.com\/fr\/wp-json\/wp\/v2\/product_tag?post=1126"}],"curies":[{"name":"wp","href":"https:\/\/api.w.org\/{rel}","templated":true}]}}