{"id":1114,"date":"2026-04-27T08:53:46","date_gmt":"2026-04-27T08:53:46","guid":{"rendered":"https:\/\/chinaminiloader.com\/?post_type=product&#038;p=1114"},"modified":"2026-04-27T08:53:46","modified_gmt":"2026-04-27T08:53:46","slug":"remote-control-tracked-lawn-mower-with-snow-blade","status":"publish","type":"product","link":"https:\/\/chinaminiloader.com\/fr\/remote-control-tracked-lawn-mower-with-snow-blade\/","title":{"rendered":"Tondeuse \u00e0 gazon sur chenilles t\u00e9l\u00e9command\u00e9e avec lame \u00e0 neige"},"content":{"rendered":"<p data-start=\"792\" data-end=\"1541\">Notre tondeuse \u00e0 chenilles t\u00e9l\u00e9command\u00e9e est con\u00e7ue pour les am\u00e9nagements paysagers professionnels et les environnements difficiles. \u00c9quip\u00e9e d'un moteur haute performance et de chenilles en caoutchouc robustes, elle offre une excellente traction sur les pentes, les terrains irr\u00e9guliers et la v\u00e9g\u00e9tation dense. La machine peut \u00eatre command\u00e9e \u00e0 distance, ce qui am\u00e9liore la s\u00e9curit\u00e9 et l'efficacit\u00e9 de l'op\u00e9rateur. Une lame mont\u00e9e \u00e0 l'avant en option permet des fonctions suppl\u00e9mentaires telles que le d\u00e9neigement l\u00e9ger et la pouss\u00e9e de mat\u00e9riaux. Sa structure compacte, sa grande durabilit\u00e9 et sa facilit\u00e9 de man\u0153uvre en font la machine id\u00e9ale pour l'entretien municipal, les vergers, les exploitations agricoles et la gestion de la v\u00e9g\u00e9tation sur les chantiers de construction. Cette solution multifonctionnelle am\u00e9liore la productivit\u00e9 tout en r\u00e9duisant l'intensit\u00e9 du travail.<\/p>","protected":false},"excerpt":{"rendered":"<p>Cette tondeuse \u00e0 chenilles t\u00e9l\u00e9command\u00e9e est con\u00e7ue pour une tonte efficace de l'herbe sur les pentes et les terrains accident\u00e9s. Dot\u00e9e d'un moteur puissant, de chenilles en caoutchouc durables et d'une lame avant en option, elle garantit une productivit\u00e9, une s\u00e9curit\u00e9 et une polyvalence \u00e9lev\u00e9es pour les travaux d'am\u00e9nagement et d'entretien.<\/p>","protected":false},"featured_media":1115,"template":"","meta":{"_gspb_post_css":""},"product_brand":[],"product_cat":[27],"product_tag":[63,64,107],"class_list":{"0":"post-1114","1":"product","2":"type-product","3":"status-publish","4":"has-post-thumbnail","6":"product_cat-crawler-lawn-mower","7":"product_tag-remote-control-mower","8":"product_tag-slope-grass-cutter","9":"product_tag-tracked-lawn-mower","11":"first","12":"instock","13":"shipping-taxable","14":"product-type-simple"},"_links":{"self":[{"href":"https:\/\/chinaminiloader.com\/fr\/wp-json\/wp\/v2\/product\/1114","targetHints":{"allow":["GET"]}}],"collection":[{"href":"https:\/\/chinaminiloader.com\/fr\/wp-json\/wp\/v2\/product"}],"about":[{"href":"https:\/\/chinaminiloader.com\/fr\/wp-json\/wp\/v2\/types\/product"}],"wp:featuredmedia":[{"embeddable":true,"href":"https:\/\/chinaminiloader.com\/fr\/wp-json\/wp\/v2\/media\/1115"}],"wp:attachment":[{"href":"https:\/\/chinaminiloader.com\/fr\/wp-json\/wp\/v2\/media?parent=1114"}],"wp:term":[{"taxonomy":"product_brand","embeddable":true,"href":"https:\/\/chinaminiloader.com\/fr\/wp-json\/wp\/v2\/product_brand?post=1114"},{"taxonomy":"product_cat","embeddable":true,"href":"https:\/\/chinaminiloader.com\/fr\/wp-json\/wp\/v2\/product_cat?post=1114"},{"taxonomy":"product_tag","embeddable":true,"href":"https:\/\/chinaminiloader.com\/fr\/wp-json\/wp\/v2\/product_tag?post=1114"}],"curies":[{"name":"wp","href":"https:\/\/api.w.org\/{rel}","templated":true}]}}