{"id":1108,"date":"2026-04-27T08:50:50","date_gmt":"2026-04-27T08:50:50","guid":{"rendered":"https:\/\/chinaminiloader.com\/?post_type=product&#038;p=1108"},"modified":"2026-04-27T08:50:50","modified_gmt":"2026-04-27T08:50:50","slug":"4wd-remote-control-lawn-mower-for-rough-terrain-use","status":"publish","type":"product","link":"https:\/\/chinaminiloader.com\/fr\/4wd-remote-control-lawn-mower-for-rough-terrain-use\/","title":{"rendered":"Tondeuse \u00e0 gazon t\u00e9l\u00e9command\u00e9e \u00e0 4 roues motrices pour utilisation en terrain accident\u00e9"},"content":{"rendered":"<p>La tondeuse \u00e0 gazon t\u00e9l\u00e9command\u00e9e \u00e0 4 roues motrices est con\u00e7ue pour les applications paysag\u00e8res et industrielles exigeantes. \u00c9quip\u00e9e d'un moteur haute performance et de roues tout-terrain, elle offre une stabilit\u00e9 et une traction excellentes sur les pentes, les terrains accident\u00e9s et les zones difficiles d'acc\u00e8s. Sa structure durable garantit une fiabilit\u00e9 \u00e0 long terme, tandis que son syst\u00e8me de coupe efficace am\u00e9liore la productivit\u00e9 et r\u00e9duit les co\u00fbts de main-d'\u0153uvre. Con\u00e7ue pour la s\u00e9curit\u00e9 et la facilit\u00e9 d'utilisation, cette tondeuse convient \u00e0 l'entretien municipal, aux chantiers de construction et \u00e0 la gestion de propri\u00e9t\u00e9s \u00e0 grande \u00e9chelle. Elle constitue une solution id\u00e9ale pour les clients \u00e0 la recherche d'un \u00e9quipement de coupe de l'herbe puissant, n\u00e9cessitant peu d'entretien et tr\u00e8s efficace.<\/p>","protected":false},"excerpt":{"rendered":"<p>Cette tondeuse \u00e0 4 roues motrices est con\u00e7ue pour les environnements difficiles. Elle est \u00e9quip\u00e9e d'un moteur puissant, de roues robustes et de performances de coupe \u00e9lev\u00e9es. Id\u00e9ale pour les terrains accident\u00e9s, les pentes et les grands espaces ext\u00e9rieurs, elle assure une tonte efficace, s\u00fbre et fiable de l'herbe pour un usage professionnel.<\/p>","protected":false},"featured_media":1109,"template":"","meta":{"_gspb_post_css":""},"product_brand":[],"product_cat":[26,25],"product_tag":[205,63,81],"class_list":{"0":"post-1108","1":"product","2":"type-product","3":"status-publish","4":"has-post-thumbnail","6":"product_cat-4wd-lawn-mower","7":"product_cat-lawn-mower","8":"product_tag-4wd-lawn-mower","9":"product_tag-remote-control-mower","10":"product_tag-rough-terrain-mower","12":"first","13":"instock","14":"shipping-taxable","15":"product-type-simple"},"_links":{"self":[{"href":"https:\/\/chinaminiloader.com\/fr\/wp-json\/wp\/v2\/product\/1108","targetHints":{"allow":["GET"]}}],"collection":[{"href":"https:\/\/chinaminiloader.com\/fr\/wp-json\/wp\/v2\/product"}],"about":[{"href":"https:\/\/chinaminiloader.com\/fr\/wp-json\/wp\/v2\/types\/product"}],"wp:featuredmedia":[{"embeddable":true,"href":"https:\/\/chinaminiloader.com\/fr\/wp-json\/wp\/v2\/media\/1109"}],"wp:attachment":[{"href":"https:\/\/chinaminiloader.com\/fr\/wp-json\/wp\/v2\/media?parent=1108"}],"wp:term":[{"taxonomy":"product_brand","embeddable":true,"href":"https:\/\/chinaminiloader.com\/fr\/wp-json\/wp\/v2\/product_brand?post=1108"},{"taxonomy":"product_cat","embeddable":true,"href":"https:\/\/chinaminiloader.com\/fr\/wp-json\/wp\/v2\/product_cat?post=1108"},{"taxonomy":"product_tag","embeddable":true,"href":"https:\/\/chinaminiloader.com\/fr\/wp-json\/wp\/v2\/product_tag?post=1108"}],"curies":[{"name":"wp","href":"https:\/\/api.w.org\/{rel}","templated":true}]}}