{"id":1103,"date":"2026-04-27T08:47:37","date_gmt":"2026-04-27T08:47:37","guid":{"rendered":"https:\/\/chinaminiloader.com\/?post_type=product&#038;p=1103"},"modified":"2026-04-27T08:47:37","modified_gmt":"2026-04-27T08:47:37","slug":"remote-control-tracked-lawn-mower-for-slopes-rough-terrain","status":"publish","type":"product","link":"https:\/\/chinaminiloader.com\/fr\/remote-control-tracked-lawn-mower-for-slopes-rough-terrain\/","title":{"rendered":"Tondeuse \u00e0 chenilles t\u00e9l\u00e9command\u00e9e pour les pentes et les terrains accident\u00e9s"},"content":{"rendered":"<p>Notre tondeuse \u00e0 chenilles t\u00e9l\u00e9command\u00e9e est con\u00e7ue pour les am\u00e9nagements paysagers professionnels et les terrains difficiles. Dot\u00e9e d'un syst\u00e8me de chenilles robuste, elle offre une excellente stabilit\u00e9 sur les pentes, les terrains irr\u00e9guliers et la v\u00e9g\u00e9tation dense. La commande \u00e0 distance renforce la s\u00e9curit\u00e9 en permettant \u00e0 l'op\u00e9rateur de travailler \u00e0 distance, ce qui minimise les risques dans les zones dangereuses. Dot\u00e9e d'un moteur puissant et de composants robustes, cette tondeuse garantit des performances de coupe efficaces et une longue dur\u00e9e de vie. Id\u00e9ale pour l'entretien municipal, les chantiers de construction, les vergers et la gestion des pentes, elle am\u00e9liore consid\u00e9rablement la productivit\u00e9 tout en r\u00e9duisant l'intensit\u00e9 de la main-d'\u0153uvre. Cette machine est une solution fiable pour un contr\u00f4le moderne et efficace de l'herbe et de la v\u00e9g\u00e9tation.<\/p>","protected":false},"excerpt":{"rendered":"<p data-start=\"540\" data-end=\"850\">Cette tondeuse \u00e0 chenilles t\u00e9l\u00e9command\u00e9e est con\u00e7ue pour une tonte efficace de l'herbe sur les pentes raides et les terrains accident\u00e9s. \u00c9quip\u00e9e d'un moteur puissant et de chenilles durables, elle garantit stabilit\u00e9, s\u00e9curit\u00e9 et performances \u00e9lev\u00e9es dans les environnements d'am\u00e9nagement paysager exigeants.<\/p>","protected":false},"featured_media":1104,"template":"","meta":{"_gspb_post_css":""},"product_brand":[],"product_cat":[27],"product_tag":[63,64,107],"class_list":{"0":"post-1103","1":"product","2":"type-product","3":"status-publish","4":"has-post-thumbnail","6":"product_cat-crawler-lawn-mower","7":"product_tag-remote-control-mower","8":"product_tag-slope-grass-cutter","9":"product_tag-tracked-lawn-mower","11":"first","12":"instock","13":"shipping-taxable","14":"product-type-simple"},"_links":{"self":[{"href":"https:\/\/chinaminiloader.com\/fr\/wp-json\/wp\/v2\/product\/1103","targetHints":{"allow":["GET"]}}],"collection":[{"href":"https:\/\/chinaminiloader.com\/fr\/wp-json\/wp\/v2\/product"}],"about":[{"href":"https:\/\/chinaminiloader.com\/fr\/wp-json\/wp\/v2\/types\/product"}],"wp:featuredmedia":[{"embeddable":true,"href":"https:\/\/chinaminiloader.com\/fr\/wp-json\/wp\/v2\/media\/1104"}],"wp:attachment":[{"href":"https:\/\/chinaminiloader.com\/fr\/wp-json\/wp\/v2\/media?parent=1103"}],"wp:term":[{"taxonomy":"product_brand","embeddable":true,"href":"https:\/\/chinaminiloader.com\/fr\/wp-json\/wp\/v2\/product_brand?post=1103"},{"taxonomy":"product_cat","embeddable":true,"href":"https:\/\/chinaminiloader.com\/fr\/wp-json\/wp\/v2\/product_cat?post=1103"},{"taxonomy":"product_tag","embeddable":true,"href":"https:\/\/chinaminiloader.com\/fr\/wp-json\/wp\/v2\/product_tag?post=1103"}],"curies":[{"name":"wp","href":"https:\/\/api.w.org\/{rel}","templated":true}]}}