{"id":110,"date":"2026-04-24T09:52:16","date_gmt":"2026-04-24T09:52:16","guid":{"rendered":"https:\/\/chinaminiloader.com\/?post_type=product&#038;p=110"},"modified":"2026-04-24T09:52:16","modified_gmt":"2026-04-24T09:52:16","slug":"compact-electric-wheel-loader-mini-front-end-loader-factory","status":"publish","type":"product","link":"https:\/\/chinaminiloader.com\/fr\/compact-electric-wheel-loader-mini-front-end-loader-factory\/","title":{"rendered":"Mini chargeuse sur pneus \u00e9lectrique compacte Mini chargeuse frontale Factory"},"content":{"rendered":"<p>Notre chargeuse sur pneus \u00e9lectrique compacte est con\u00e7ue pour des op\u00e9rations de manutention et de chargement de mat\u00e9riaux de haute performance sur les chantiers de construction, les exploitations agricoles, les entrep\u00f4ts et les projets municipaux. Dot\u00e9e d'un puissant syst\u00e8me d'entra\u00eenement \u00e9lectrique, elle est peu bruyante, ne produit aucune \u00e9mission et offre des co\u00fbts de maintenance r\u00e9duits par rapport aux chargeuses diesel traditionnelles. La conception de la direction articul\u00e9e assure une excellente maniabilit\u00e9 dans les espaces restreints, tandis que le godet durable et le syst\u00e8me de levage hydraulique assurent une efficacit\u00e9 de chargement fiable. Cette mini chargeuse frontale est id\u00e9ale pour le transport de sable, de terre, de gravier et d'autres mat\u00e9riaux en vrac. C'est une solution pratique et \u00e9cologique pour les applications industrielles et de construction modernes.<\/p>","protected":false},"excerpt":{"rendered":"<p>Cette chargeuse sur pneus \u00e9lectrique compacte est con\u00e7ue pour une manutention efficace des mat\u00e9riaux dans les secteurs de la construction, de l'agriculture, des entrep\u00f4ts et des sites industriels. Elle est dot\u00e9e d'une direction souple, d'une grande capacit\u00e9 de chargement, d'un fonctionnement silencieux et d'une faible consommation d'\u00e9nergie, ce qui la rend id\u00e9ale pour les espaces de travail \u00e9troits.<\/p>","protected":false},"featured_media":116,"template":"","meta":{"_gspb_post_css":""},"product_brand":[],"product_cat":[15,17],"product_tag":[57,55,56],"class_list":{"0":"post-110","1":"product","2":"type-product","3":"status-publish","4":"has-post-thumbnail","6":"product_cat-mini-loader","7":"product_cat-diesel-mini-loader","8":"product_tag-compact-loader","9":"product_tag-electric-wheel-loader","10":"product_tag-mini-front-end-loader","12":"first","13":"instock","14":"shipping-taxable","15":"product-type-simple"},"_links":{"self":[{"href":"https:\/\/chinaminiloader.com\/fr\/wp-json\/wp\/v2\/product\/110","targetHints":{"allow":["GET"]}}],"collection":[{"href":"https:\/\/chinaminiloader.com\/fr\/wp-json\/wp\/v2\/product"}],"about":[{"href":"https:\/\/chinaminiloader.com\/fr\/wp-json\/wp\/v2\/types\/product"}],"wp:featuredmedia":[{"embeddable":true,"href":"https:\/\/chinaminiloader.com\/fr\/wp-json\/wp\/v2\/media\/116"}],"wp:attachment":[{"href":"https:\/\/chinaminiloader.com\/fr\/wp-json\/wp\/v2\/media?parent=110"}],"wp:term":[{"taxonomy":"product_brand","embeddable":true,"href":"https:\/\/chinaminiloader.com\/fr\/wp-json\/wp\/v2\/product_brand?post=110"},{"taxonomy":"product_cat","embeddable":true,"href":"https:\/\/chinaminiloader.com\/fr\/wp-json\/wp\/v2\/product_cat?post=110"},{"taxonomy":"product_tag","embeddable":true,"href":"https:\/\/chinaminiloader.com\/fr\/wp-json\/wp\/v2\/product_tag?post=110"}],"curies":[{"name":"wp","href":"https:\/\/api.w.org\/{rel}","templated":true}]}}