{"id":1091,"date":"2026-04-27T08:40:49","date_gmt":"2026-04-27T08:40:49","guid":{"rendered":"https:\/\/chinaminiloader.com\/?post_type=product&#038;p=1091"},"modified":"2026-04-27T08:40:49","modified_gmt":"2026-04-27T08:40:49","slug":"heavy-duty-remote-control-tracked-flail-mower-for-slopes","status":"publish","type":"product","link":"https:\/\/chinaminiloader.com\/fr\/heavy-duty-remote-control-tracked-flail-mower-for-slopes\/","title":{"rendered":"Faucheuse \u00e0 chenilles t\u00e9l\u00e9command\u00e9e de forte puissance pour les pentes"},"content":{"rendered":"<p>La faucheuse \u00e0 fl\u00e9aux sur chenilles t\u00e9l\u00e9command\u00e9e est une solution polyvalente pour le traitement de la v\u00e9g\u00e9tation difficile dans des environnements exigeants. Con\u00e7ue avec un centre de gravit\u00e9 bas et des chenilles robustes, elle offre une excellente stabilit\u00e9 sur les pentes et les terrains accident\u00e9s. Le syst\u00e8me de commande \u00e0 distance renforce la s\u00e9curit\u00e9 de l'op\u00e9rateur en lui permettant de travailler \u00e0 distance dans les zones dangereuses. Son puissant m\u00e9canisme de coupe traite efficacement l'herbe, les arbustes et les broussailles l\u00e9g\u00e8res, ce qui la rend id\u00e9ale pour les chantiers de construction, les terres agricoles et l'entretien municipal. Construite pour durer et \u00eatre performante, cette machine r\u00e9duit l'intensit\u00e9 du travail tout en augmentant la productivit\u00e9, ce qui en fait un choix fiable pour la gestion professionnelle de la v\u00e9g\u00e9tation.<\/p>","protected":false},"excerpt":{"rendered":"<p>Cette tondeuse \u00e0 fl\u00e9aux sur chenilles t\u00e9l\u00e9command\u00e9e est con\u00e7ue pour couper efficacement l'herbe et les broussailles sur les pentes raides et les terrains accident\u00e9s. \u00c9quip\u00e9e de chenilles durables et d'un moteur puissant, elle assure stabilit\u00e9, s\u00e9curit\u00e9 et performances \u00e9lev\u00e9es dans des environnements difficiles tels que les chantiers de construction, les vergers et l'entretien des bords de route.<\/p>","protected":false},"featured_media":1092,"template":"","meta":{"_gspb_post_css":""},"product_brand":[],"product_cat":[27],"product_tag":[63,64,143],"class_list":{"0":"post-1091","1":"product","2":"type-product","3":"status-publish","4":"has-post-thumbnail","6":"product_cat-crawler-lawn-mower","7":"product_tag-remote-control-mower","8":"product_tag-slope-grass-cutter","9":"product_tag-tracked-mower","11":"first","12":"instock","13":"shipping-taxable","14":"product-type-simple"},"_links":{"self":[{"href":"https:\/\/chinaminiloader.com\/fr\/wp-json\/wp\/v2\/product\/1091","targetHints":{"allow":["GET"]}}],"collection":[{"href":"https:\/\/chinaminiloader.com\/fr\/wp-json\/wp\/v2\/product"}],"about":[{"href":"https:\/\/chinaminiloader.com\/fr\/wp-json\/wp\/v2\/types\/product"}],"wp:featuredmedia":[{"embeddable":true,"href":"https:\/\/chinaminiloader.com\/fr\/wp-json\/wp\/v2\/media\/1092"}],"wp:attachment":[{"href":"https:\/\/chinaminiloader.com\/fr\/wp-json\/wp\/v2\/media?parent=1091"}],"wp:term":[{"taxonomy":"product_brand","embeddable":true,"href":"https:\/\/chinaminiloader.com\/fr\/wp-json\/wp\/v2\/product_brand?post=1091"},{"taxonomy":"product_cat","embeddable":true,"href":"https:\/\/chinaminiloader.com\/fr\/wp-json\/wp\/v2\/product_cat?post=1091"},{"taxonomy":"product_tag","embeddable":true,"href":"https:\/\/chinaminiloader.com\/fr\/wp-json\/wp\/v2\/product_tag?post=1091"}],"curies":[{"name":"wp","href":"https:\/\/api.w.org\/{rel}","templated":true}]}}