{"id":1068,"date":"2026-04-27T06:53:14","date_gmt":"2026-04-27T06:53:14","guid":{"rendered":"https:\/\/chinaminiloader.com\/?post_type=product&#038;p=1068"},"modified":"2026-04-27T06:53:14","modified_gmt":"2026-04-27T06:53:14","slug":"dual-mast-electric-aerial-work-platform-lift-for-construction","status":"publish","type":"product","link":"https:\/\/chinaminiloader.com\/fr\/dual-mast-electric-aerial-work-platform-lift-for-construction\/","title":{"rendered":"Nacelle \u00e9l\u00e9vatrice \u00e9lectrique \u00e0 double m\u00e2t pour la construction"},"content":{"rendered":"<p>La nacelle \u00e9l\u00e9vatrice \u00e9lectrique \u00e0 double m\u00e2t est une solution fiable pour les op\u00e9rations \u00e0 haute altitude dans les secteurs de la construction, de la maintenance et de la manutention. Construite avec une structure en acier robuste et un m\u00e9canisme de levage avanc\u00e9, elle offre une stabilit\u00e9 et une capacit\u00e9 de charge excellentes. La plate-forme spacieuse permet d'accueillir plusieurs travailleurs et outils, ce qui am\u00e9liore la productivit\u00e9 sur le chantier. \u00c9quip\u00e9 de commandes conviviales et de dispositifs de s\u00e9curit\u00e9, il assure un fonctionnement souple et s\u00fbr. Sa conception mobile facilite son transport et son d\u00e9ploiement sur diff\u00e9rents chantiers. Cet \u00e9quipement est id\u00e9al pour les entrep\u00f4ts, les usines et les environnements de construction n\u00e9cessitant un acc\u00e8s vertical efficace.<\/p>","protected":false},"excerpt":{"rendered":"<p>Cette nacelle \u00e9l\u00e9vatrice \u00e9lectrique \u00e0 double m\u00e2t est con\u00e7ue pour les travaux de construction en haute altitude et les t\u00e2ches de manutention. Elle est dot\u00e9e d'un syst\u00e8me de levage stable, d'une large plate-forme de travail et d'une structure en acier durable. Facile \u00e0 utiliser et \u00e0 transporter, elle garantit la s\u00e9curit\u00e9, l'efficacit\u00e9 et la fiabilit\u00e9 des applications industrielles et de construction.<\/p>","protected":false},"featured_media":1069,"template":"","meta":{"_gspb_post_css":""},"product_brand":[],"product_cat":[22,24],"product_tag":[135,103,127],"class_list":{"0":"post-1068","1":"product","2":"type-product","3":"status-publish","4":"has-post-thumbnail","6":"product_cat-lift-platform","7":"product_cat-masonry-lifting-platform","8":"product_tag-aerial-work-platform","9":"product_tag-construction-hoist","10":"product_tag-dual-mast-lift","12":"first","13":"instock","14":"shipping-taxable","15":"product-type-simple"},"_links":{"self":[{"href":"https:\/\/chinaminiloader.com\/fr\/wp-json\/wp\/v2\/product\/1068","targetHints":{"allow":["GET"]}}],"collection":[{"href":"https:\/\/chinaminiloader.com\/fr\/wp-json\/wp\/v2\/product"}],"about":[{"href":"https:\/\/chinaminiloader.com\/fr\/wp-json\/wp\/v2\/types\/product"}],"wp:featuredmedia":[{"embeddable":true,"href":"https:\/\/chinaminiloader.com\/fr\/wp-json\/wp\/v2\/media\/1069"}],"wp:attachment":[{"href":"https:\/\/chinaminiloader.com\/fr\/wp-json\/wp\/v2\/media?parent=1068"}],"wp:term":[{"taxonomy":"product_brand","embeddable":true,"href":"https:\/\/chinaminiloader.com\/fr\/wp-json\/wp\/v2\/product_brand?post=1068"},{"taxonomy":"product_cat","embeddable":true,"href":"https:\/\/chinaminiloader.com\/fr\/wp-json\/wp\/v2\/product_cat?post=1068"},{"taxonomy":"product_tag","embeddable":true,"href":"https:\/\/chinaminiloader.com\/fr\/wp-json\/wp\/v2\/product_tag?post=1068"}],"curies":[{"name":"wp","href":"https:\/\/api.w.org\/{rel}","templated":true}]}}