{"id":1062,"date":"2026-04-27T06:50:30","date_gmt":"2026-04-27T06:50:30","guid":{"rendered":"https:\/\/chinaminiloader.com\/?post_type=product&#038;p=1062"},"modified":"2026-04-27T06:50:31","modified_gmt":"2026-04-27T06:50:31","slug":"dual-mast-masonry-lift-platform-for-construction-sites","status":"publish","type":"product","link":"https:\/\/chinaminiloader.com\/fr\/dual-mast-masonry-lift-platform-for-construction-sites\/","title":{"rendered":"Plate-forme \u00e9l\u00e9vatrice pour ma\u00e7onnerie \u00e0 double m\u00e2t pour les chantiers de construction"},"content":{"rendered":"<p>Notre plate-forme de levage pour ma\u00e7onnerie \u00e0 double m\u00e2t est con\u00e7ue pour r\u00e9pondre aux besoins exigeants des chantiers de construction modernes. Construite avec des structures en acier robustes et des m\u00e9canismes de levage avanc\u00e9s, elle garantit des performances fiables et stables lors du transport de mat\u00e9riaux lourds tels que les briques et les blocs. La plate-forme offre une excellente capacit\u00e9 de charge et un mouvement vertical fluide, ce qui am\u00e9liore l'efficacit\u00e9 et r\u00e9duit le travail manuel. Les dispositifs de s\u00e9curit\u00e9 tels que les garde-corps et les pieds de support stables garantissent un fonctionnement s\u00fbr dans divers environnements. Adapt\u00e9 \u00e0 une utilisation en int\u00e9rieur comme en ext\u00e9rieur, cet \u00e9quipement est une solution id\u00e9ale pour les entrepreneurs en qu\u00eate de durabilit\u00e9, d'efficacit\u00e9 et de rentabilit\u00e9 dans la manutention des mat\u00e9riaux.<\/p>","protected":false},"excerpt":{"rendered":"<p>Cette plate-forme de levage pour ma\u00e7onnerie \u00e0 double m\u00e2t est con\u00e7ue pour le transport vertical efficace de briques et de mat\u00e9riaux de construction. Dot\u00e9e d'une solide construction en acier, d'une capacit\u00e9 de charge \u00e9lev\u00e9e et de performances de levage stables, elle garantit la s\u00e9curit\u00e9 et la productivit\u00e9 sur les chantiers. Id\u00e9ale pour les applications de construction en int\u00e9rieur et en ext\u00e9rieur.<\/p>","protected":false},"featured_media":1063,"template":"","meta":{"_gspb_post_css":""},"product_brand":[],"product_cat":[22,24],"product_tag":[44,200,42],"class_list":{"0":"post-1062","1":"product","2":"type-product","3":"status-publish","4":"has-post-thumbnail","6":"product_cat-lift-platform","7":"product_cat-masonry-lifting-platform","8":"product_tag-construction-platform","9":"product_tag-masonry-lift","10":"product_tag-material-handling-equipment","12":"first","13":"instock","14":"shipping-taxable","15":"product-type-simple"},"_links":{"self":[{"href":"https:\/\/chinaminiloader.com\/fr\/wp-json\/wp\/v2\/product\/1062","targetHints":{"allow":["GET"]}}],"collection":[{"href":"https:\/\/chinaminiloader.com\/fr\/wp-json\/wp\/v2\/product"}],"about":[{"href":"https:\/\/chinaminiloader.com\/fr\/wp-json\/wp\/v2\/types\/product"}],"wp:featuredmedia":[{"embeddable":true,"href":"https:\/\/chinaminiloader.com\/fr\/wp-json\/wp\/v2\/media\/1063"}],"wp:attachment":[{"href":"https:\/\/chinaminiloader.com\/fr\/wp-json\/wp\/v2\/media?parent=1062"}],"wp:term":[{"taxonomy":"product_brand","embeddable":true,"href":"https:\/\/chinaminiloader.com\/fr\/wp-json\/wp\/v2\/product_brand?post=1062"},{"taxonomy":"product_cat","embeddable":true,"href":"https:\/\/chinaminiloader.com\/fr\/wp-json\/wp\/v2\/product_cat?post=1062"},{"taxonomy":"product_tag","embeddable":true,"href":"https:\/\/chinaminiloader.com\/fr\/wp-json\/wp\/v2\/product_tag?post=1062"}],"curies":[{"name":"wp","href":"https:\/\/api.w.org\/{rel}","templated":true}]}}