{"id":1035,"date":"2026-04-27T06:37:37","date_gmt":"2026-04-27T06:37:37","guid":{"rendered":"https:\/\/chinaminiloader.com\/?post_type=product&#038;p=1035"},"modified":"2026-04-27T06:37:37","modified_gmt":"2026-04-27T06:37:37","slug":"dual-mast-construction-material-lifting-platform-hoist","status":"publish","type":"product","link":"https:\/\/chinaminiloader.com\/fr\/dual-mast-construction-material-lifting-platform-hoist\/","title":{"rendered":"Plate-forme de levage de mat\u00e9riaux de construction \u00e0 double m\u00e2t"},"content":{"rendered":"<p>Notre plate-forme de levage de mat\u00e9riaux de construction \u00e0 double m\u00e2t est con\u00e7ue pour r\u00e9pondre aux besoins exigeants des chantiers de construction modernes. Dot\u00e9e d'une structure en acier robuste et d'un m\u00e9canisme de levage avanc\u00e9, elle offre une excellente stabilit\u00e9 et une grande capacit\u00e9 de charge pour le transport de briques, d'outils et de mat\u00e9riaux lourds. La conception \u00e0 double m\u00e2t am\u00e9liore l'\u00e9quilibre et la s\u00e9curit\u00e9, tandis que la plate-forme spacieuse avec garde-corps garantit un fonctionnement s\u00e9curis\u00e9. Facile \u00e0 d\u00e9placer et \u00e0 installer, cet \u00e9quipement est id\u00e9al pour les travaux de ma\u00e7onnerie, le chargement des entrep\u00f4ts et les projets de construction \u00e0 plusieurs \u00e9tages. Il am\u00e9liore l'efficacit\u00e9, r\u00e9duit l'intensit\u00e9 du travail et garantit des performances fiables dans diverses conditions de travail.<\/p>","protected":false},"excerpt":{"rendered":"<p>Cette plate-forme de levage de chantier \u00e0 double m\u00e2t est con\u00e7ue pour le transport vertical efficace de mat\u00e9riaux sur les chantiers. Dot\u00e9e d'une structure stable, d'une capacit\u00e9 de charge \u00e9lev\u00e9e et d'un syst\u00e8me de levage souple, elle garantit un fonctionnement s\u00fbr et fiable pour les travaux de ma\u00e7onnerie, de manutention de marchandises et d'entretien des b\u00e2timents.<\/p>","protected":false},"featured_media":1036,"template":"","meta":{"_gspb_post_css":""},"product_brand":[],"product_cat":[22,24],"product_tag":[103,127,91],"class_list":{"0":"post-1035","1":"product","2":"type-product","3":"status-publish","4":"has-post-thumbnail","6":"product_cat-lift-platform","7":"product_cat-masonry-lifting-platform","8":"product_tag-construction-hoist","9":"product_tag-dual-mast-lift","10":"product_tag-material-lifting-platform","12":"first","13":"instock","14":"shipping-taxable","15":"product-type-simple"},"_links":{"self":[{"href":"https:\/\/chinaminiloader.com\/fr\/wp-json\/wp\/v2\/product\/1035","targetHints":{"allow":["GET"]}}],"collection":[{"href":"https:\/\/chinaminiloader.com\/fr\/wp-json\/wp\/v2\/product"}],"about":[{"href":"https:\/\/chinaminiloader.com\/fr\/wp-json\/wp\/v2\/types\/product"}],"wp:featuredmedia":[{"embeddable":true,"href":"https:\/\/chinaminiloader.com\/fr\/wp-json\/wp\/v2\/media\/1036"}],"wp:attachment":[{"href":"https:\/\/chinaminiloader.com\/fr\/wp-json\/wp\/v2\/media?parent=1035"}],"wp:term":[{"taxonomy":"product_brand","embeddable":true,"href":"https:\/\/chinaminiloader.com\/fr\/wp-json\/wp\/v2\/product_brand?post=1035"},{"taxonomy":"product_cat","embeddable":true,"href":"https:\/\/chinaminiloader.com\/fr\/wp-json\/wp\/v2\/product_cat?post=1035"},{"taxonomy":"product_tag","embeddable":true,"href":"https:\/\/chinaminiloader.com\/fr\/wp-json\/wp\/v2\/product_tag?post=1035"}],"curies":[{"name":"wp","href":"https:\/\/api.w.org\/{rel}","templated":true}]}}