{"id":1030,"date":"2026-04-27T06:35:09","date_gmt":"2026-04-27T06:35:09","guid":{"rendered":"https:\/\/chinaminiloader.com\/?post_type=product&#038;p=1030"},"modified":"2026-04-27T06:35:09","modified_gmt":"2026-04-27T06:35:09","slug":"dual-mast-hydraulic-lifting-platform-for-construction-use","status":"publish","type":"product","link":"https:\/\/chinaminiloader.com\/fr\/dual-mast-hydraulic-lifting-platform-for-construction-use\/","title":{"rendered":"Plate-forme de levage hydraulique \u00e0 double m\u00e2t pour la construction"},"content":{"rendered":"<p>La plate-forme \u00e9l\u00e9vatrice hydraulique \u00e0 double m\u00e2t est une solution fiable pour l'acc\u00e8s vertical dans les secteurs de la construction, de l'entreposage et de l'industrie. Construite avec une structure en acier robuste et \u00e9quip\u00e9e d'un puissant syst\u00e8me de levage, elle garantit la stabilit\u00e9 et la s\u00e9curit\u00e9 en hauteur. La plate-forme spacieuse permet d'accueillir plusieurs travailleurs et outils, ce qui am\u00e9liore l'efficacit\u00e9 sur le chantier. Sa conception compacte et sa mobilit\u00e9 lui permettent d'\u00eatre utilis\u00e9e aussi bien \u00e0 l'int\u00e9rieur qu'\u00e0 l'ext\u00e9rieur. Largement utilis\u00e9 pour les t\u00e2ches d'installation, de maintenance et de manutention, cet \u00e9quipement de levage offre d'excellentes performances, une grande durabilit\u00e9 et une grande facilit\u00e9 d'utilisation, ce qui en fait un outil essentiel pour les projets de construction modernes.<\/p>","protected":false},"excerpt":{"rendered":"<p>Cette plate-forme de levage hydraulique \u00e0 double m\u00e2t est con\u00e7ue pour une \u00e9l\u00e9vation s\u00fbre et efficace dans les applications de construction et de manutention. Dot\u00e9e d'une structure stable, d'une capacit\u00e9 de charge \u00e9lev\u00e9e et d'une mobilit\u00e9 ais\u00e9e, elle est id\u00e9ale pour les op\u00e9rations de maintenance, d'installation et d'entreposage \u00e0 l'int\u00e9rieur et \u00e0 l'ext\u00e9rieur.<\/p>","protected":false},"featured_media":1031,"template":"","meta":{"_gspb_post_css":""},"product_brand":[],"product_cat":[22,24],"product_tag":[44,127,126],"class_list":{"0":"post-1030","1":"product","2":"type-product","3":"status-publish","4":"has-post-thumbnail","6":"product_cat-lift-platform","7":"product_cat-masonry-lifting-platform","8":"product_tag-construction-platform","9":"product_tag-dual-mast-lift","10":"product_tag-hydraulic-lifting-equipment","12":"first","13":"instock","14":"shipping-taxable","15":"product-type-simple"},"_links":{"self":[{"href":"https:\/\/chinaminiloader.com\/fr\/wp-json\/wp\/v2\/product\/1030","targetHints":{"allow":["GET"]}}],"collection":[{"href":"https:\/\/chinaminiloader.com\/fr\/wp-json\/wp\/v2\/product"}],"about":[{"href":"https:\/\/chinaminiloader.com\/fr\/wp-json\/wp\/v2\/types\/product"}],"wp:featuredmedia":[{"embeddable":true,"href":"https:\/\/chinaminiloader.com\/fr\/wp-json\/wp\/v2\/media\/1031"}],"wp:attachment":[{"href":"https:\/\/chinaminiloader.com\/fr\/wp-json\/wp\/v2\/media?parent=1030"}],"wp:term":[{"taxonomy":"product_brand","embeddable":true,"href":"https:\/\/chinaminiloader.com\/fr\/wp-json\/wp\/v2\/product_brand?post=1030"},{"taxonomy":"product_cat","embeddable":true,"href":"https:\/\/chinaminiloader.com\/fr\/wp-json\/wp\/v2\/product_cat?post=1030"},{"taxonomy":"product_tag","embeddable":true,"href":"https:\/\/chinaminiloader.com\/fr\/wp-json\/wp\/v2\/product_tag?post=1030"}],"curies":[{"name":"wp","href":"https:\/\/api.w.org\/{rel}","templated":true}]}}