{"id":1026,"date":"2026-04-27T06:31:11","date_gmt":"2026-04-27T06:31:11","guid":{"rendered":"https:\/\/chinaminiloader.com\/?post_type=product&#038;p=1026"},"modified":"2026-04-27T06:31:11","modified_gmt":"2026-04-27T06:31:11","slug":"electric-tricycle-scissor-lift-mobile-aerial-platform","status":"publish","type":"product","link":"https:\/\/chinaminiloader.com\/fr\/electric-tricycle-scissor-lift-mobile-aerial-platform\/","title":{"rendered":"Plate-forme \u00e9l\u00e9vatrice \u00e0 ciseaux tricycle \u00e9lectrique Plate-forme \u00e9l\u00e9vatrice mobile"},"content":{"rendered":"<p>L'\u00e9l\u00e9vateur \u00e0 ciseaux tricycle \u00e9lectrique est une plate-forme \u00e9l\u00e9vatrice polyvalente con\u00e7ue pour les t\u00e2ches de manutention et de maintenance. Sa base tricycle int\u00e9gr\u00e9e offre une excellente mobilit\u00e9, ce qui la rend id\u00e9ale pour les environnements \u00e9troits ou int\u00e9rieurs. Le m\u00e9canisme de levage en ciseaux assure une \u00e9l\u00e9vation stable, tandis que les garde-corps de s\u00e9curit\u00e9 et les pieds de support am\u00e9liorent la protection de l'op\u00e9rateur. Aliment\u00e9 par un syst\u00e8me \u00e9lectrique efficace, il est peu bruyant et ne produit aucune \u00e9mission. Cet \u00e9quipement est largement utilis\u00e9 dans les entrep\u00f4ts, les ateliers, les chantiers de construction et la maintenance des installations. Il offre une solution rentable et flexible pour le travail en hauteur, avec une s\u00e9curit\u00e9 et une productivit\u00e9 accrues.<\/p>","protected":false},"excerpt":{"rendered":"<p>Cet \u00e9l\u00e9vateur \u00e9lectrique \u00e0 ciseaux tricycle combine mobilit\u00e9 et stabilit\u00e9 pour un travail a\u00e9rien efficace. Con\u00e7ue pour les entrep\u00f4ts, les usines et les chantiers de construction, elle pr\u00e9sente une structure compacte, une grande maniabilit\u00e9 et des performances de levage fiables, garantissant un fonctionnement s\u00fbr et pratique dans les espaces confin\u00e9s.<\/p>","protected":false},"featured_media":1029,"template":"","meta":{"_gspb_post_css":""},"product_brand":[],"product_cat":[22,23],"product_tag":[135,189,191],"class_list":{"0":"post-1026","1":"product","2":"type-product","3":"status-publish","4":"has-post-thumbnail","6":"product_cat-lift-platform","7":"product_cat-electric-tricycle-lift-truck","8":"product_tag-aerial-work-platform","9":"product_tag-electric-lifting-equipment","10":"product_tag-scissor-lift","12":"first","13":"instock","14":"shipping-taxable","15":"product-type-simple"},"_links":{"self":[{"href":"https:\/\/chinaminiloader.com\/fr\/wp-json\/wp\/v2\/product\/1026","targetHints":{"allow":["GET"]}}],"collection":[{"href":"https:\/\/chinaminiloader.com\/fr\/wp-json\/wp\/v2\/product"}],"about":[{"href":"https:\/\/chinaminiloader.com\/fr\/wp-json\/wp\/v2\/types\/product"}],"wp:featuredmedia":[{"embeddable":true,"href":"https:\/\/chinaminiloader.com\/fr\/wp-json\/wp\/v2\/media\/1029"}],"wp:attachment":[{"href":"https:\/\/chinaminiloader.com\/fr\/wp-json\/wp\/v2\/media?parent=1026"}],"wp:term":[{"taxonomy":"product_brand","embeddable":true,"href":"https:\/\/chinaminiloader.com\/fr\/wp-json\/wp\/v2\/product_brand?post=1026"},{"taxonomy":"product_cat","embeddable":true,"href":"https:\/\/chinaminiloader.com\/fr\/wp-json\/wp\/v2\/product_cat?post=1026"},{"taxonomy":"product_tag","embeddable":true,"href":"https:\/\/chinaminiloader.com\/fr\/wp-json\/wp\/v2\/product_tag?post=1026"}],"curies":[{"name":"wp","href":"https:\/\/api.w.org\/{rel}","templated":true}]}}