{"id":96,"date":"2026-04-24T09:29:02","date_gmt":"2026-04-24T09:29:02","guid":{"rendered":"https:\/\/chinaminiloader.com\/?post_type=product&#038;p=96"},"modified":"2026-04-24T09:29:02","modified_gmt":"2026-04-24T09:29:02","slug":"hydraulic-freight-elevator-platform-for-warehouse-loading","status":"publish","type":"product","link":"https:\/\/chinaminiloader.com\/es\/hydraulic-freight-elevator-platform-for-warehouse-loading\/","title":{"rendered":"Plataforma elevadora de carga hidr\u00e1ulica para carga en almac\u00e9n"},"content":{"rendered":"<p>Nuestra plataforma elevadora hidr\u00e1ulica de carga es una soluci\u00f3n duradera y eficiente para la elevaci\u00f3n de mercanc\u00edas pesadas entre diferentes niveles de piso. Es ampliamente utilizada en bodegas, f\u00e1bricas, talleres y proyectos de construcci\u00f3n para el manejo de materiales y transporte de carga. Equipada con un potente sistema hidr\u00e1ulico, un marco de acero reforzado y una jaula protectora de seguridad, la plataforma ofrece un rendimiento de elevaci\u00f3n suave y una gran capacidad de carga. Su dise\u00f1o garantiza la seguridad del operario, un funcionamiento estable y bajos costes de mantenimiento. Hay disponibles tama\u00f1os, alturas de elevaci\u00f3n y capacidades de carga personalizados para satisfacer diversos requisitos industriales, lo que la convierte en una soluci\u00f3n ideal de equipo de elevaci\u00f3n vertical.<\/p>","protected":false},"excerpt":{"rendered":"<p>Esta plataforma elevadora de carga hidr\u00e1ulica est\u00e1 dise\u00f1ada para el transporte vertical seguro y eficiente de mercanc\u00edas en almacenes, f\u00e1bricas y obras de construcci\u00f3n. Construida con una s\u00f3lida estructura de acero, un sistema de elevaci\u00f3n hidr\u00e1ulico estable y un cerramiento de seguridad, garantiza una manipulaci\u00f3n fiable de la carga y un funcionamiento sin problemas.<\/p>","protected":false},"featured_media":100,"template":"","meta":{"_gspb_post_css":""},"product_brand":[],"product_cat":[19,21],"product_tag":[51,50,52],"class_list":{"0":"post-96","1":"product","2":"type-product","3":"status-publish","4":"has-post-thumbnail","6":"product_cat-freight-elevator","7":"product_cat-hydraulic-freight-elevator","8":"product_tag-cargo-lifting-platform","9":"product_tag-hydraulic-freight-elevator","10":"product_tag-warehouse-material-lift","12":"first","13":"instock","14":"shipping-taxable","15":"product-type-simple"},"_links":{"self":[{"href":"https:\/\/chinaminiloader.com\/es\/wp-json\/wp\/v2\/product\/96","targetHints":{"allow":["GET"]}}],"collection":[{"href":"https:\/\/chinaminiloader.com\/es\/wp-json\/wp\/v2\/product"}],"about":[{"href":"https:\/\/chinaminiloader.com\/es\/wp-json\/wp\/v2\/types\/product"}],"wp:featuredmedia":[{"embeddable":true,"href":"https:\/\/chinaminiloader.com\/es\/wp-json\/wp\/v2\/media\/100"}],"wp:attachment":[{"href":"https:\/\/chinaminiloader.com\/es\/wp-json\/wp\/v2\/media?parent=96"}],"wp:term":[{"taxonomy":"product_brand","embeddable":true,"href":"https:\/\/chinaminiloader.com\/es\/wp-json\/wp\/v2\/product_brand?post=96"},{"taxonomy":"product_cat","embeddable":true,"href":"https:\/\/chinaminiloader.com\/es\/wp-json\/wp\/v2\/product_cat?post=96"},{"taxonomy":"product_tag","embeddable":true,"href":"https:\/\/chinaminiloader.com\/es\/wp-json\/wp\/v2\/product_tag?post=96"}],"curies":[{"name":"wp","href":"https:\/\/api.w.org\/{rel}","templated":true}]}}