{"id":913,"date":"2026-04-27T01:25:19","date_gmt":"2026-04-27T01:25:19","guid":{"rendered":"https:\/\/chinaminiloader.com\/?post_type=product&#038;p=913"},"modified":"2026-04-27T01:25:19","modified_gmt":"2026-04-27T01:25:19","slug":"custom-electric-freight-elevator-material-lift-platform","status":"publish","type":"product","link":"https:\/\/chinaminiloader.com\/es\/custom-electric-freight-elevator-material-lift-platform\/","title":{"rendered":"Plataforma elevadora de cargas el\u00e9ctrica personalizada"},"content":{"rendered":"<p>Dise\u00f1ado para el movimiento vertical fiable de cargas, este montacargas el\u00e9ctrico es adecuado para talleres, almacenes, entreplantas y zonas de construcci\u00f3n. La unidad cuenta con un marco de gu\u00eda de acero r\u00edgido, plataforma cerrada, accionamiento de polipasto el\u00e9ctrico y sistema de control simple para ayudar a mover materiales entre los niveles de piso de forma segura y eficiente. Como fabricante chino directo, podemos personalizar la altura de elevaci\u00f3n, las dimensiones de la plataforma, la capacidad de carga, el color, el voltaje y la configuraci\u00f3n de la puerta seg\u00fan los requisitos del proyecto. Su fabricaci\u00f3n duradera, su instalaci\u00f3n compacta y su pr\u00e1ctico acceso para el mantenimiento la convierten en una opci\u00f3n rentable para la manipulaci\u00f3n de materiales all\u00ed donde las carretillas elevadoras, la elevaci\u00f3n manual o los ascensores fijos de edificios resultan inadecuados en las exigentes aplicaciones industriales diarias.<\/p>","protected":false},"excerpt":{"rendered":"<p>Este montacargas el\u00e9ctrico utiliza un m\u00e1stil de acero soldado, una plataforma con jaula de protecci\u00f3n y un sistema de elevaci\u00f3n accionado por polipasto para el transporte vertical de materiales. Dise\u00f1ado para f\u00e1bricas, almacenes y obras, permite personalizar la altura, el tama\u00f1o de la plataforma, la capacidad de carga y las opciones de control para una manipulaci\u00f3n eficiente de la carga.<\/p>","protected":false},"featured_media":919,"template":"","meta":{"_gspb_post_css":""},"product_brand":[],"product_cat":[19,20],"product_tag":[44,89,58],"class_list":{"0":"post-913","1":"product","2":"type-product","3":"status-publish","4":"has-post-thumbnail","6":"product_cat-freight-elevator","7":"product_cat-electric-freight-elevator","8":"product_tag-construction-platform","9":"product_tag-electric-freight-elevator","10":"product_tag-material-handling-lift","12":"first","13":"instock","14":"shipping-taxable","15":"product-type-simple"},"_links":{"self":[{"href":"https:\/\/chinaminiloader.com\/es\/wp-json\/wp\/v2\/product\/913","targetHints":{"allow":["GET"]}}],"collection":[{"href":"https:\/\/chinaminiloader.com\/es\/wp-json\/wp\/v2\/product"}],"about":[{"href":"https:\/\/chinaminiloader.com\/es\/wp-json\/wp\/v2\/types\/product"}],"wp:featuredmedia":[{"embeddable":true,"href":"https:\/\/chinaminiloader.com\/es\/wp-json\/wp\/v2\/media\/919"}],"wp:attachment":[{"href":"https:\/\/chinaminiloader.com\/es\/wp-json\/wp\/v2\/media?parent=913"}],"wp:term":[{"taxonomy":"product_brand","embeddable":true,"href":"https:\/\/chinaminiloader.com\/es\/wp-json\/wp\/v2\/product_brand?post=913"},{"taxonomy":"product_cat","embeddable":true,"href":"https:\/\/chinaminiloader.com\/es\/wp-json\/wp\/v2\/product_cat?post=913"},{"taxonomy":"product_tag","embeddable":true,"href":"https:\/\/chinaminiloader.com\/es\/wp-json\/wp\/v2\/product_tag?post=913"}],"curies":[{"name":"wp","href":"https:\/\/api.w.org\/{rel}","templated":true}]}}