{"id":895,"date":"2026-04-27T01:15:15","date_gmt":"2026-04-27T01:15:15","guid":{"rendered":"https:\/\/chinaminiloader.com\/?post_type=product&#038;p=895"},"modified":"2026-04-27T01:15:15","modified_gmt":"2026-04-27T01:15:15","slug":"hydraulic-cargo-lift-for-warehouse-construction-freight","status":"publish","type":"product","link":"https:\/\/chinaminiloader.com\/es\/hydraulic-cargo-lift-for-warehouse-construction-freight\/","title":{"rendered":"Elevador de carga hidr\u00e1ulico para mercanc\u00edas de almac\u00e9n y construcci\u00f3n"},"content":{"rendered":"<table class=\"w-fit min-w-(--thread-content-width)\" data-start=\"143\" data-end=\"1653\" data-is-last-node=\"\" data-is-only-node=\"\">\n<tbody data-start=\"172\" data-end=\"1653\" data-is-last-node=\"\">\n<tr data-start=\"881\" data-end=\"1653\" data-is-last-node=\"\">\n<td data-col-size=\"xl\" data-start=\"911\" data-end=\"1653\" data-is-last-node=\"\">Nuestro elevador de carga hidr\u00e1ulico est\u00e1 dise\u00f1ado para el transporte vertical seguro y eficiente de mercanc\u00edas en entornos industriales y comerciales. Construido con una estructura de acero reforzado, un sistema de elevaci\u00f3n hidr\u00e1ulico, una plataforma de carga abierta y barandillas protectoras, ayuda a f\u00e1bricas, almacenes y obras de construcci\u00f3n a trasladar cajas de cart\u00f3n, materiales, herramientas y equipos entre distintos niveles. El bastidor compacto puede instalarse junto a edificios, entreplantas o zonas de carga, ofreciendo una alternativa pr\u00e1ctica a la manipulaci\u00f3n manual. Como fabricante chino, podemos personalizar el tama\u00f1o de la plataforma, la altura de elevaci\u00f3n, la capacidad de carga y las opciones de control en funci\u00f3n de la disposici\u00f3n del emplazamiento, las necesidades de manipulaci\u00f3n de carga y los requisitos de los proyectos in situ en cuanto a estabilidad y funcionamiento diario a largo plazo.<\/td>\n<\/tr>\n<\/tbody>\n<\/table>","protected":false},"excerpt":{"rendered":"<p>Este elevador de carga hidr\u00e1ulico est\u00e1 dise\u00f1ado para la manipulaci\u00f3n vertical de materiales en f\u00e1bricas, almacenes y obras de construcci\u00f3n. Su bastidor de acero azul, su plataforma abierta y sus barandillas de seguridad ayudan a mover cajas de cart\u00f3n, herramientas y mercanc\u00edas paletizadas entre plantas, reduciendo el trabajo manual, el tiempo de manipulaci\u00f3n y las necesidades de espacio en el lugar de trabajo.<\/p>","protected":false},"featured_media":897,"template":"","meta":{"_gspb_post_css":""},"product_brand":[],"product_cat":[19,21],"product_tag":[31,59,74],"class_list":{"0":"post-895","1":"product","2":"type-product","3":"status-publish","4":"has-post-thumbnail","6":"product_cat-freight-elevator","7":"product_cat-hydraulic-freight-elevator","8":"product_tag-freight-elevator","9":"product_tag-hydraulic-cargo-lift","10":"product_tag-material-handling-platform","12":"first","13":"instock","14":"shipping-taxable","15":"product-type-simple"},"_links":{"self":[{"href":"https:\/\/chinaminiloader.com\/es\/wp-json\/wp\/v2\/product\/895","targetHints":{"allow":["GET"]}}],"collection":[{"href":"https:\/\/chinaminiloader.com\/es\/wp-json\/wp\/v2\/product"}],"about":[{"href":"https:\/\/chinaminiloader.com\/es\/wp-json\/wp\/v2\/types\/product"}],"wp:featuredmedia":[{"embeddable":true,"href":"https:\/\/chinaminiloader.com\/es\/wp-json\/wp\/v2\/media\/897"}],"wp:attachment":[{"href":"https:\/\/chinaminiloader.com\/es\/wp-json\/wp\/v2\/media?parent=895"}],"wp:term":[{"taxonomy":"product_brand","embeddable":true,"href":"https:\/\/chinaminiloader.com\/es\/wp-json\/wp\/v2\/product_brand?post=895"},{"taxonomy":"product_cat","embeddable":true,"href":"https:\/\/chinaminiloader.com\/es\/wp-json\/wp\/v2\/product_cat?post=895"},{"taxonomy":"product_tag","embeddable":true,"href":"https:\/\/chinaminiloader.com\/es\/wp-json\/wp\/v2\/product_tag?post=895"}],"curies":[{"name":"wp","href":"https:\/\/api.w.org\/{rel}","templated":true}]}}