{"id":858,"date":"2026-04-27T00:39:43","date_gmt":"2026-04-27T00:39:43","guid":{"rendered":"https:\/\/chinaminiloader.com\/?post_type=product&#038;p=858"},"modified":"2026-04-27T00:39:43","modified_gmt":"2026-04-27T00:39:43","slug":"anti-fall-material-handling-freight-elevator-platform-lift","status":"publish","type":"product","link":"https:\/\/chinaminiloader.com\/es\/anti-fall-material-handling-freight-elevator-platform-lift\/","title":{"rendered":"Plataforma elevadora antica\u00edda para manipulaci\u00f3n de materiales"},"content":{"rendered":"<p>Construida para peque\u00f1as tareas de transferencia de carga, esta plataforma elevadora de carga de seguridad antica\u00edda ayuda a elevar herramientas, cajas y materiales de construcci\u00f3n entre niveles con un funcionamiento controlado. La estructura visible incluye un bastidor de p\u00f3rtico reforzado, un banco de trabajo engrosado, una barandilla de seguridad, un sistema de elevaci\u00f3n por cable met\u00e1lico, un gancho antidesgarro y un control de l\u00edmite superior\/inferior. Un motor de cobre puro proporciona una potencia estable para un uso frecuente en el taller o en la obra. Su dise\u00f1o vertical compacto es adecuado para almacenes, f\u00e1bricas, entreplantas, zonas de carga y plataformas de construcci\u00f3n donde el espacio es limitado. Como fabricante chino, hoy en d\u00eda podemos apoyar la personalizaci\u00f3n OEM para el tama\u00f1o de la plataforma, la altura de elevaci\u00f3n, el color, la capacidad y los requisitos de aplicaci\u00f3n en todo el mundo de forma fiable.<\/p>","protected":false},"excerpt":{"rendered":"<p>Dise\u00f1ada para f\u00e1bricas, almacenes y obras de construcci\u00f3n, esta plataforma elevadora de carga antica\u00edda utiliza un motor de cobre puro, un sistema de elevaci\u00f3n por cable met\u00e1lico, un control de l\u00edmite superior\/inferior, un gancho de seguridad, una barandilla y un banco de trabajo engrosado para mover materiales de forma eficiente en espacios verticales compactos todos los d\u00edas con seguridad.<\/p>","protected":false},"featured_media":859,"template":"","meta":{"_gspb_post_css":""},"product_brand":[],"product_cat":[19,20],"product_tag":[44,31,58],"class_list":{"0":"post-858","1":"product","2":"type-product","3":"status-publish","4":"has-post-thumbnail","6":"product_cat-freight-elevator","7":"product_cat-electric-freight-elevator","8":"product_tag-construction-platform","9":"product_tag-freight-elevator","10":"product_tag-material-handling-lift","12":"first","13":"instock","14":"shipping-taxable","15":"product-type-simple"},"_links":{"self":[{"href":"https:\/\/chinaminiloader.com\/es\/wp-json\/wp\/v2\/product\/858","targetHints":{"allow":["GET"]}}],"collection":[{"href":"https:\/\/chinaminiloader.com\/es\/wp-json\/wp\/v2\/product"}],"about":[{"href":"https:\/\/chinaminiloader.com\/es\/wp-json\/wp\/v2\/types\/product"}],"wp:featuredmedia":[{"embeddable":true,"href":"https:\/\/chinaminiloader.com\/es\/wp-json\/wp\/v2\/media\/859"}],"wp:attachment":[{"href":"https:\/\/chinaminiloader.com\/es\/wp-json\/wp\/v2\/media?parent=858"}],"wp:term":[{"taxonomy":"product_brand","embeddable":true,"href":"https:\/\/chinaminiloader.com\/es\/wp-json\/wp\/v2\/product_brand?post=858"},{"taxonomy":"product_cat","embeddable":true,"href":"https:\/\/chinaminiloader.com\/es\/wp-json\/wp\/v2\/product_cat?post=858"},{"taxonomy":"product_tag","embeddable":true,"href":"https:\/\/chinaminiloader.com\/es\/wp-json\/wp\/v2\/product_tag?post=858"}],"curies":[{"name":"wp","href":"https:\/\/api.w.org\/{rel}","templated":true}]}}