{"id":825,"date":"2026-04-26T12:40:30","date_gmt":"2026-04-26T12:40:30","guid":{"rendered":"https:\/\/chinaminiloader.com\/?post_type=product&#038;p=825"},"modified":"2026-04-26T12:40:30","modified_gmt":"2026-04-26T12:40:30","slug":"one-touch-cargo-lift-for-warehouses-construction-sites","status":"publish","type":"product","link":"https:\/\/chinaminiloader.com\/es\/one-touch-cargo-lift-for-warehouses-construction-sites\/","title":{"rendered":"Elevador de carga de un solo toque para almacenes y obras de construcci\u00f3n"},"content":{"rendered":"<p>Nuestro elevador de carga de un solo toque ofrece una pr\u00e1ctica soluci\u00f3n de elevaci\u00f3n vertical para almacenes, f\u00e1bricas, talleres, centros log\u00edsticos y obras de construcci\u00f3n. El equipo cuenta con una estructura de acero reforzado, barandillas de plataforma cerradas y un sistema de elevaci\u00f3n el\u00e9ctrico para ayudar a los operarios a transferir materiales entre diferentes alturas de trabajo. Su tama\u00f1o compacto lo hace adecuado para zonas en las que es dif\u00edcil instalar montacargas convencionales. Los controles sencillos facilitan el funcionamiento diario, mientras que la estructura estable del m\u00e1stil ayuda a mantener un rendimiento de elevaci\u00f3n fiable. Como f\u00e1brica china, podemos satisfacer los requisitos de OEM, tama\u00f1os de plataforma personalizados, alturas de elevaci\u00f3n y capacidades de carga para diferentes aplicaciones de manipulaci\u00f3n de materiales en todo el mundo.<\/p>","protected":false},"excerpt":{"rendered":"<p>Este elevador de carga de un solo toque facilita la manipulaci\u00f3n vertical eficaz de materiales en f\u00e1bricas, almacenes, talleres y obras de construcci\u00f3n. Su plataforma de acero, sus barandillas, su bastidor estable y su sistema de elevaci\u00f3n el\u00e9ctrico trasladan mercanc\u00edas de un nivel a otro con un funcionamiento sencillo, una estructura compacta y un rendimiento fiable.<\/p>","protected":false},"featured_media":831,"template":"","meta":{"_gspb_post_css":""},"product_brand":[],"product_cat":[19,20],"product_tag":[104,31,74],"class_list":{"0":"post-825","1":"product","2":"type-product","3":"status-publish","4":"has-post-thumbnail","6":"product_cat-freight-elevator","7":"product_cat-electric-freight-elevator","8":"product_tag-cargo-lift","9":"product_tag-freight-elevator","10":"product_tag-material-handling-platform","12":"first","13":"instock","14":"shipping-taxable","15":"product-type-simple"},"_links":{"self":[{"href":"https:\/\/chinaminiloader.com\/es\/wp-json\/wp\/v2\/product\/825","targetHints":{"allow":["GET"]}}],"collection":[{"href":"https:\/\/chinaminiloader.com\/es\/wp-json\/wp\/v2\/product"}],"about":[{"href":"https:\/\/chinaminiloader.com\/es\/wp-json\/wp\/v2\/types\/product"}],"wp:featuredmedia":[{"embeddable":true,"href":"https:\/\/chinaminiloader.com\/es\/wp-json\/wp\/v2\/media\/831"}],"wp:attachment":[{"href":"https:\/\/chinaminiloader.com\/es\/wp-json\/wp\/v2\/media?parent=825"}],"wp:term":[{"taxonomy":"product_brand","embeddable":true,"href":"https:\/\/chinaminiloader.com\/es\/wp-json\/wp\/v2\/product_brand?post=825"},{"taxonomy":"product_cat","embeddable":true,"href":"https:\/\/chinaminiloader.com\/es\/wp-json\/wp\/v2\/product_cat?post=825"},{"taxonomy":"product_tag","embeddable":true,"href":"https:\/\/chinaminiloader.com\/es\/wp-json\/wp\/v2\/product_tag?post=825"}],"curies":[{"name":"wp","href":"https:\/\/api.w.org\/{rel}","templated":true}]}}