{"id":806,"date":"2026-04-26T12:27:11","date_gmt":"2026-04-26T12:27:11","guid":{"rendered":"https:\/\/chinaminiloader.com\/?post_type=product&#038;p=806"},"modified":"2026-04-26T12:27:12","modified_gmt":"2026-04-26T12:27:12","slug":"hydraulic-single-rail-freight-elevator-cargo-lift-platfo","status":"publish","type":"product","link":"https:\/\/chinaminiloader.com\/es\/hydraulic-single-rail-freight-elevator-cargo-lift-platfo\/","title":{"rendered":"Plataforma elevadora de carga hidr\u00e1ulica de un ra\u00edl"},"content":{"rendered":"<p>Nuestro montacargas hidr\u00e1ulico de un solo riel ofrece una soluci\u00f3n pr\u00e1ctica para elevar mercanc\u00edas entre diferentes niveles en entornos industriales y comerciales. El equipo utiliza un marco de acero reforzado, plataforma estable, barandillas de protecci\u00f3n y sistema de accionamiento hidr\u00e1ulico para apoyar el transporte vertical suave de materiales, herramientas, cajas de cart\u00f3n, palets y suministros de construcci\u00f3n. Su estructura compacta de ra\u00edles gu\u00eda hace que la instalaci\u00f3n sea adecuada para talleres, almacenes, f\u00e1bricas, zonas de carga y proyectos de renovaci\u00f3n de edificios. Dise\u00f1ado para ser duradero y f\u00e1cil de manejar, este elevador de carga ayuda a reducir la manipulaci\u00f3n manual, mejorar la eficacia del flujo de trabajo y aumentar la seguridad en las obras. Los compradores de todo el mundo disponen de opciones personalizadas de tama\u00f1o de plataforma, altura de elevaci\u00f3n, capacidad de carga y control.<\/p>","protected":false},"excerpt":{"rendered":"<p>Este montacargas hidr\u00e1ulico de un solo riel est\u00e1 dise\u00f1ado para la transferencia vertical de materiales entre pisos en f\u00e1bricas, almacenes, talleres y \u00e1reas de construcci\u00f3n. Con una plataforma de acero soldado, barandillas, columna gu\u00eda y sistema de elevaci\u00f3n por cadena, soporta diariamente una carga segura, estable y eficiente.<\/p>","protected":false},"featured_media":809,"template":"","meta":{"_gspb_post_css":""},"product_brand":[],"product_cat":[19,21],"product_tag":[32,50,42],"class_list":{"0":"post-806","1":"product","2":"type-product","3":"status-publish","4":"has-post-thumbnail","6":"product_cat-freight-elevator","7":"product_cat-hydraulic-freight-elevator","8":"product_tag-cargo-lift-platform","9":"product_tag-hydraulic-freight-elevator","10":"product_tag-material-handling-equipment","12":"first","13":"instock","14":"shipping-taxable","15":"product-type-simple"},"_links":{"self":[{"href":"https:\/\/chinaminiloader.com\/es\/wp-json\/wp\/v2\/product\/806","targetHints":{"allow":["GET"]}}],"collection":[{"href":"https:\/\/chinaminiloader.com\/es\/wp-json\/wp\/v2\/product"}],"about":[{"href":"https:\/\/chinaminiloader.com\/es\/wp-json\/wp\/v2\/types\/product"}],"wp:featuredmedia":[{"embeddable":true,"href":"https:\/\/chinaminiloader.com\/es\/wp-json\/wp\/v2\/media\/809"}],"wp:attachment":[{"href":"https:\/\/chinaminiloader.com\/es\/wp-json\/wp\/v2\/media?parent=806"}],"wp:term":[{"taxonomy":"product_brand","embeddable":true,"href":"https:\/\/chinaminiloader.com\/es\/wp-json\/wp\/v2\/product_brand?post=806"},{"taxonomy":"product_cat","embeddable":true,"href":"https:\/\/chinaminiloader.com\/es\/wp-json\/wp\/v2\/product_cat?post=806"},{"taxonomy":"product_tag","embeddable":true,"href":"https:\/\/chinaminiloader.com\/es\/wp-json\/wp\/v2\/product_tag?post=806"}],"curies":[{"name":"wp","href":"https:\/\/api.w.org\/{rel}","templated":true}]}}