{"id":717,"date":"2026-04-26T10:38:22","date_gmt":"2026-04-26T10:38:22","guid":{"rendered":"https:\/\/chinaminiloader.com\/?post_type=product&#038;p=717"},"modified":"2026-04-26T11:26:16","modified_gmt":"2026-04-26T11:26:16","slug":"customizable-hydraulic-freight-elevator-for-warehouse-cargo","status":"publish","type":"product","link":"https:\/\/chinaminiloader.com\/es\/customizable-hydraulic-freight-elevator-for-warehouse-cargo\/","title":{"rendered":"Elevador de carga hidr\u00e1ulico personalizable para carga de almac\u00e9n"},"content":{"rendered":"<p>Nuestro montacargas hidr\u00e1ulico personalizable ofrece una soluci\u00f3n pr\u00e1ctica de elevaci\u00f3n vertical para la manipulaci\u00f3n de materiales industriales. Construido con un marco de acero reforzado, cilindro hidr\u00e1ulico, gu\u00eda de cadena y plataforma protegida, ayuda a mover mercanc\u00edas entre pisos o niveles de carga con un rendimiento estable. La jaula de carga abierta permite una carga c\u00f3moda mediante transpaleta, carretilla o manipulaci\u00f3n manual. Adecuado para almacenes, f\u00e1bricas, talleres, centros log\u00edsticos y obras de construcci\u00f3n, el elevador puede personalizarse seg\u00fan el tama\u00f1o de la plataforma, la altura de elevaci\u00f3n, la capacidad de carga, el color y las opciones de control. Como f\u00e1brica china, apoyamos la producci\u00f3n OEM, precios competitivos y equipos fiables para la transferencia diaria eficiente de carga en todo el mundo de forma segura.<\/p>","protected":false},"excerpt":{"rendered":"<p>Este montacargas hidr\u00e1ulico personalizable est\u00e1 dise\u00f1ado para el transporte vertical de cargas en f\u00e1bricas, almacenes, talleres y zonas de construcci\u00f3n. Su m\u00e1stil de acero reforzado, su plataforma estable, sus barandillas de seguridad y su sistema de elevaci\u00f3n hidr\u00e1ulica permiten una carga y descarga r\u00e1pidas y una manipulaci\u00f3n de materiales m\u00e1s segura.<\/p>","protected":false},"featured_media":722,"template":"","meta":{"_gspb_post_css":""},"product_brand":[],"product_cat":[19,21],"product_tag":[50,42,162],"class_list":{"0":"post-717","1":"product","2":"type-product","3":"status-publish","4":"has-post-thumbnail","6":"product_cat-freight-elevator","7":"product_cat-hydraulic-freight-elevator","8":"product_tag-hydraulic-freight-elevator","9":"product_tag-material-handling-equipment","10":"product_tag-warehouse-cargo-lift","12":"first","13":"instock","14":"shipping-taxable","15":"product-type-simple"},"_links":{"self":[{"href":"https:\/\/chinaminiloader.com\/es\/wp-json\/wp\/v2\/product\/717","targetHints":{"allow":["GET"]}}],"collection":[{"href":"https:\/\/chinaminiloader.com\/es\/wp-json\/wp\/v2\/product"}],"about":[{"href":"https:\/\/chinaminiloader.com\/es\/wp-json\/wp\/v2\/types\/product"}],"wp:featuredmedia":[{"embeddable":true,"href":"https:\/\/chinaminiloader.com\/es\/wp-json\/wp\/v2\/media\/722"}],"wp:attachment":[{"href":"https:\/\/chinaminiloader.com\/es\/wp-json\/wp\/v2\/media?parent=717"}],"wp:term":[{"taxonomy":"product_brand","embeddable":true,"href":"https:\/\/chinaminiloader.com\/es\/wp-json\/wp\/v2\/product_brand?post=717"},{"taxonomy":"product_cat","embeddable":true,"href":"https:\/\/chinaminiloader.com\/es\/wp-json\/wp\/v2\/product_cat?post=717"},{"taxonomy":"product_tag","embeddable":true,"href":"https:\/\/chinaminiloader.com\/es\/wp-json\/wp\/v2\/product_tag?post=717"}],"curies":[{"name":"wp","href":"https:\/\/api.w.org\/{rel}","templated":true}]}}