{"id":708,"date":"2026-04-26T10:33:26","date_gmt":"2026-04-26T10:33:26","guid":{"rendered":"https:\/\/chinaminiloader.com\/?post_type=product&#038;p=708"},"modified":"2026-04-26T11:22:25","modified_gmt":"2026-04-26T11:22:25","slug":"floor-to-floor-goods-lift-for-warehouse-material-handling","status":"publish","type":"product","link":"https:\/\/chinaminiloader.com\/es\/floor-to-floor-goods-lift-for-warehouse-material-handling\/","title":{"rendered":"Elevador de mercanc\u00edas de suelo a suelo para la manipulaci\u00f3n de materiales en almacenes"},"content":{"rendered":"<p>Nuestro elevador de carga de piso a piso est\u00e1 dise\u00f1ado para la transferencia eficiente de carga vertical en almacenes, f\u00e1bricas, talleres y sitios de construcci\u00f3n. El equipo cuenta con un bastidor gu\u00eda de acero reforzado, un accionamiento de polipasto el\u00e9ctrico, una amplia plataforma de carga y barandillas de protecci\u00f3n para mover materiales entre diferentes niveles sin problemas. En comparaci\u00f3n con la manipulaci\u00f3n manual, mejora la eficacia de la carga, reduce la intensidad de la mano de obra y favorece un funcionamiento m\u00e1s seguro de las mercanc\u00edas. La plataforma puede instalarse junto a paredes, entrepisos o \u00e1reas de producci\u00f3n, con altura de elevaci\u00f3n, tama\u00f1o de la plataforma, capacidad de carga, voltaje y m\u00e9todo de control personalizables. Como fabricante chino, ofrecemos precios directos de f\u00e1brica, asistencia OEM y soluciones pr\u00e1cticas para proyectos de manipulaci\u00f3n de materiales industriales en todo el mundo.<\/p>","protected":false},"excerpt":{"rendered":"<p>Este elevador de mercanc\u00edas de suelo a suelo desplaza la carga entre los niveles de taller, almac\u00e9n, entreplanta y construcci\u00f3n. Cuenta con un bastidor gu\u00eda de acero, polipasto el\u00e9ctrico, plataforma antideslizante y barandillas para una transferencia vertical estable del material. El tama\u00f1o de la plataforma, la altura de elevaci\u00f3n, la capacidad de carga y la potencia pueden personalizarse.<\/p>","protected":false},"featured_media":710,"template":"","meta":{"_gspb_post_css":""},"product_brand":[],"product_cat":[19,20],"product_tag":[161,58,60],"class_list":{"0":"post-708","1":"product","2":"type-product","3":"status-publish","4":"has-post-thumbnail","6":"product_cat-freight-elevator","7":"product_cat-electric-freight-elevator","8":"product_tag-floor-to-floor-goods-lift","9":"product_tag-material-handling-lift","10":"product_tag-warehouse-freight-elevator","12":"first","13":"instock","14":"shipping-taxable","15":"product-type-simple"},"_links":{"self":[{"href":"https:\/\/chinaminiloader.com\/es\/wp-json\/wp\/v2\/product\/708","targetHints":{"allow":["GET"]}}],"collection":[{"href":"https:\/\/chinaminiloader.com\/es\/wp-json\/wp\/v2\/product"}],"about":[{"href":"https:\/\/chinaminiloader.com\/es\/wp-json\/wp\/v2\/types\/product"}],"wp:featuredmedia":[{"embeddable":true,"href":"https:\/\/chinaminiloader.com\/es\/wp-json\/wp\/v2\/media\/710"}],"wp:attachment":[{"href":"https:\/\/chinaminiloader.com\/es\/wp-json\/wp\/v2\/media?parent=708"}],"wp:term":[{"taxonomy":"product_brand","embeddable":true,"href":"https:\/\/chinaminiloader.com\/es\/wp-json\/wp\/v2\/product_brand?post=708"},{"taxonomy":"product_cat","embeddable":true,"href":"https:\/\/chinaminiloader.com\/es\/wp-json\/wp\/v2\/product_cat?post=708"},{"taxonomy":"product_tag","embeddable":true,"href":"https:\/\/chinaminiloader.com\/es\/wp-json\/wp\/v2\/product_tag?post=708"}],"curies":[{"name":"wp","href":"https:\/\/api.w.org\/{rel}","templated":true}]}}