{"id":687,"date":"2026-04-26T10:10:49","date_gmt":"2026-04-26T10:10:49","guid":{"rendered":"https:\/\/chinaminiloader.com\/?post_type=product&#038;p=687"},"modified":"2026-04-26T11:21:21","modified_gmt":"2026-04-26T11:21:21","slug":"small-rail-guided-cargo-lift-for-warehouse-material-handling","status":"publish","type":"product","link":"https:\/\/chinaminiloader.com\/es\/small-rail-guided-cargo-lift-for-warehouse-material-handling\/","title":{"rendered":"Elevador de carga peque\u00f1o guiado por ra\u00edles para manipulaci\u00f3n de material en almacenes"},"content":{"rendered":"<p>Nuestro peque\u00f1o elevador guiado por ra\u00edles ofrece una pr\u00e1ctica soluci\u00f3n de transporte vertical para talleres, almacenes, f\u00e1bricas y zonas de construcci\u00f3n. Construido con un bastidor gu\u00eda de acero r\u00edgido y una plataforma de carga cerrada, ayuda a mover mercanc\u00edas entre plantas donde no es necesario un montacargas de tama\u00f1o completo. El sistema de elevaci\u00f3n el\u00e9ctrico ofrece una elevaci\u00f3n suave, mientras que el mando a distancia mejora la comodidad de manejo desde una posici\u00f3n segura. Su tama\u00f1o compacto, dise\u00f1o de plataforma abierta y estructura personalizable lo hacen adecuado para cajas de cart\u00f3n, herramientas, componentes y materiales industriales ligeros. Como proveedor de f\u00e1brica, podemos ofrecerle una plataforma de tama\u00f1o, altura de elevaci\u00f3n, capacidad de carga, configuraci\u00f3n de potencia y requisitos de acabado de superficie personalizados.<\/p>","protected":false},"excerpt":{"rendered":"<p>Este elevador de carga compacto guiado por ra\u00edles est\u00e1 dise\u00f1ado para el transporte vertical eficiente de materiales en f\u00e1bricas, almacenes y obras. La plataforma de acero, el bastidor de ra\u00edles gu\u00eda, el polipasto el\u00e9ctrico y el control remoto favorecen una elevaci\u00f3n estable, un funcionamiento sencillo y una carga personalizable para peque\u00f1os trabajos de manipulaci\u00f3n de cargas.<\/p>","protected":false},"featured_media":685,"template":"","meta":{"_gspb_post_css":""},"product_brand":[],"product_cat":[19,20],"product_tag":[44,58,157],"class_list":{"0":"post-687","1":"product","2":"type-product","3":"status-publish","4":"has-post-thumbnail","6":"product_cat-freight-elevator","7":"product_cat-electric-freight-elevator","8":"product_tag-construction-platform","9":"product_tag-material-handling-lift","10":"product_tag-rail-guided-cargo-lift","12":"first","13":"instock","14":"shipping-taxable","15":"product-type-simple"},"_links":{"self":[{"href":"https:\/\/chinaminiloader.com\/es\/wp-json\/wp\/v2\/product\/687","targetHints":{"allow":["GET"]}}],"collection":[{"href":"https:\/\/chinaminiloader.com\/es\/wp-json\/wp\/v2\/product"}],"about":[{"href":"https:\/\/chinaminiloader.com\/es\/wp-json\/wp\/v2\/types\/product"}],"wp:featuredmedia":[{"embeddable":true,"href":"https:\/\/chinaminiloader.com\/es\/wp-json\/wp\/v2\/media\/685"}],"wp:attachment":[{"href":"https:\/\/chinaminiloader.com\/es\/wp-json\/wp\/v2\/media?parent=687"}],"wp:term":[{"taxonomy":"product_brand","embeddable":true,"href":"https:\/\/chinaminiloader.com\/es\/wp-json\/wp\/v2\/product_brand?post=687"},{"taxonomy":"product_cat","embeddable":true,"href":"https:\/\/chinaminiloader.com\/es\/wp-json\/wp\/v2\/product_cat?post=687"},{"taxonomy":"product_tag","embeddable":true,"href":"https:\/\/chinaminiloader.com\/es\/wp-json\/wp\/v2\/product_tag?post=687"}],"curies":[{"name":"wp","href":"https:\/\/api.w.org\/{rel}","templated":true}]}}