{"id":648,"date":"2026-04-26T08:13:37","date_gmt":"2026-04-26T08:13:37","guid":{"rendered":"https:\/\/chinaminiloader.com\/?post_type=product&#038;p=648"},"modified":"2026-04-26T08:13:37","modified_gmt":"2026-04-26T08:13:37","slug":"remote-controlled-masonry-lifting-work-platform-lift","status":"publish","type":"product","link":"https:\/\/chinaminiloader.com\/es\/remote-controlled-masonry-lifting-work-platform-lift\/","title":{"rendered":"Plataforma elevadora para mamposter\u00eda con control remoto"},"content":{"rendered":"<p>Nuestra plataforma elevadora de trabajo de alba\u00f1iler\u00eda teledirigida est\u00e1 especialmente dise\u00f1ada para transportar ladrillos, bloques de hormig\u00f3n y materiales de construcci\u00f3n pesados a zonas de trabajo elevadas de forma segura y eficiente. Equipada con un sistema de elevaci\u00f3n de m\u00e1stil doble, la plataforma proporciona una excelente estabilidad, una gran capacidad de carga y un movimiento vertical suave. El funcionamiento por control remoto inal\u00e1mbrico reduce el trabajo manual y mejora la seguridad en el lugar de trabajo. Se utiliza ampliamente en la construcci\u00f3n de edificios, proyectos de alba\u00f1iler\u00eda, carga de almacenes y manipulaci\u00f3n de materiales industriales. Con una construcci\u00f3n de acero duradera, f\u00e1cil movilidad y tama\u00f1o de plataforma personalizable, esta plataforma elevadora es una soluci\u00f3n ideal para las necesidades modernas de construcci\u00f3n y transporte de materiales.<\/p>","protected":false},"excerpt":{"rendered":"<p>Esta plataforma elevadora de mamposter\u00eda con control remoto est\u00e1 dise\u00f1ada para la manipulaci\u00f3n eficaz de ladrillos, bloques y materiales de construcci\u00f3n en obras elevadas. Con elevaci\u00f3n de m\u00e1stil doble, estructura estable y f\u00e1cil manejo a distancia, mejora la seguridad, la eficiencia laboral y la productividad de la construcci\u00f3n.<\/p>","protected":false},"featured_media":654,"template":"","meta":{"_gspb_post_css":""},"product_brand":[],"product_cat":[22,24],"product_tag":[40,91,153],"class_list":{"0":"post-648","1":"product","2":"type-product","3":"status-publish","4":"has-post-thumbnail","6":"product_cat-lift-platform","7":"product_cat-masonry-lifting-platform","8":"product_tag-masonry-lifting-platform","9":"product_tag-material-lifting-platform","10":"product_tag-remote-control-construction-lift","12":"first","13":"instock","14":"shipping-taxable","15":"product-type-simple"},"_links":{"self":[{"href":"https:\/\/chinaminiloader.com\/es\/wp-json\/wp\/v2\/product\/648","targetHints":{"allow":["GET"]}}],"collection":[{"href":"https:\/\/chinaminiloader.com\/es\/wp-json\/wp\/v2\/product"}],"about":[{"href":"https:\/\/chinaminiloader.com\/es\/wp-json\/wp\/v2\/types\/product"}],"wp:featuredmedia":[{"embeddable":true,"href":"https:\/\/chinaminiloader.com\/es\/wp-json\/wp\/v2\/media\/654"}],"wp:attachment":[{"href":"https:\/\/chinaminiloader.com\/es\/wp-json\/wp\/v2\/media?parent=648"}],"wp:term":[{"taxonomy":"product_brand","embeddable":true,"href":"https:\/\/chinaminiloader.com\/es\/wp-json\/wp\/v2\/product_brand?post=648"},{"taxonomy":"product_cat","embeddable":true,"href":"https:\/\/chinaminiloader.com\/es\/wp-json\/wp\/v2\/product_cat?post=648"},{"taxonomy":"product_tag","embeddable":true,"href":"https:\/\/chinaminiloader.com\/es\/wp-json\/wp\/v2\/product_tag?post=648"}],"curies":[{"name":"wp","href":"https:\/\/api.w.org\/{rel}","templated":true}]}}