{"id":63,"date":"2026-04-24T08:49:08","date_gmt":"2026-04-24T08:49:08","guid":{"rendered":"https:\/\/chinaminiloader.com\/?post_type=product&#038;p=63"},"modified":"2026-04-26T11:12:51","modified_gmt":"2026-04-26T11:12:51","slug":"high-quality-masonry-lifting-platform-for-efficient-material-handling","status":"publish","type":"product","link":"https:\/\/chinaminiloader.com\/es\/high-quality-masonry-lifting-platform-for-efficient-material-handling\/","title":{"rendered":"Plataforma elevadora de mamposter\u00eda de alta calidad para una manipulaci\u00f3n eficaz del material"},"content":{"rendered":"<p>Esta plataforma elevadora para mamposter\u00eda est\u00e1 fabricada para ofrecer un alto rendimiento y seguridad en aplicaciones de construcci\u00f3n y manipulaci\u00f3n de materiales. Dise\u00f1ada con robustos bastidores de acero, eleva eficazmente materiales pesados a las alturas requeridas con facilidad. Perfecta para diversas tareas de construcci\u00f3n, proporciona una plataforma estable y segura para garantizar operaciones fluidas y productivas en las obras. Equipada con funciones avanzadas como la f\u00e1cil movilidad y el control de altura ajustable, esta plataforma mejora tanto la seguridad de los trabajadores como la productividad de la obra. Con un enfoque en la durabilidad, es una excelente opci\u00f3n para todas las necesidades de la construcci\u00f3n, ofreciendo un rendimiento duradero en entornos exigentes.<\/p>","protected":false},"excerpt":{"rendered":"<p>Nuestras plataformas elevadoras para mamposter\u00eda est\u00e1n dise\u00f1adas para mejorar la eficiencia en entornos de construcci\u00f3n. Estas plataformas de gran resistencia garantizan una manipulaci\u00f3n segura del material y ofrecen una soluci\u00f3n fiable para transportar materiales a grandes alturas. Dise\u00f1adas para ser duraderas y f\u00e1ciles de manejar, son ideales para obras de construcci\u00f3n.<\/p>","protected":false},"featured_media":742,"template":"","meta":{"_gspb_post_css":""},"product_brand":[],"product_cat":[22,24],"product_tag":[41,40,42],"class_list":{"0":"post-63","1":"product","2":"type-product","3":"status-publish","4":"has-post-thumbnail","6":"product_cat-lift-platform","7":"product_cat-masonry-lifting-platform","8":"product_tag-construction-elevator","9":"product_tag-masonry-lifting-platform","10":"product_tag-material-handling-equipment","12":"first","13":"instock","14":"shipping-taxable","15":"product-type-simple"},"_links":{"self":[{"href":"https:\/\/chinaminiloader.com\/es\/wp-json\/wp\/v2\/product\/63","targetHints":{"allow":["GET"]}}],"collection":[{"href":"https:\/\/chinaminiloader.com\/es\/wp-json\/wp\/v2\/product"}],"about":[{"href":"https:\/\/chinaminiloader.com\/es\/wp-json\/wp\/v2\/types\/product"}],"wp:featuredmedia":[{"embeddable":true,"href":"https:\/\/chinaminiloader.com\/es\/wp-json\/wp\/v2\/media\/742"}],"wp:attachment":[{"href":"https:\/\/chinaminiloader.com\/es\/wp-json\/wp\/v2\/media?parent=63"}],"wp:term":[{"taxonomy":"product_brand","embeddable":true,"href":"https:\/\/chinaminiloader.com\/es\/wp-json\/wp\/v2\/product_brand?post=63"},{"taxonomy":"product_cat","embeddable":true,"href":"https:\/\/chinaminiloader.com\/es\/wp-json\/wp\/v2\/product_cat?post=63"},{"taxonomy":"product_tag","embeddable":true,"href":"https:\/\/chinaminiloader.com\/es\/wp-json\/wp\/v2\/product_tag?post=63"}],"curies":[{"name":"wp","href":"https:\/\/api.w.org\/{rel}","templated":true}]}}