{"id":620,"date":"2026-04-26T07:32:21","date_gmt":"2026-04-26T07:32:21","guid":{"rendered":"https:\/\/chinaminiloader.com\/?post_type=product&#038;p=620"},"modified":"2026-04-26T10:50:57","modified_gmt":"2026-04-26T10:50:57","slug":"hydraulic-masonry-lifting-platform-for-construction-use","status":"publish","type":"product","link":"https:\/\/chinaminiloader.com\/es\/hydraulic-masonry-lifting-platform-for-construction-use\/","title":{"rendered":"Plataforma elevadora hidr\u00e1ulica de mamposter\u00eda para la construcci\u00f3n"},"content":{"rendered":"<p>Nuestra plataforma elevadora hidr\u00e1ulica para mamposter\u00eda est\u00e1 especialmente desarrollada para obras de construcci\u00f3n que requieren una elevaci\u00f3n segura y eficiente de ladrillos, bloques de hormig\u00f3n y materiales de construcci\u00f3n pesados. La estructura de doble m\u00e1stil garantiza una gran estabilidad y un rendimiento de elevaci\u00f3n equilibrado, mientras que el sistema de accionamiento hidr\u00e1ulico proporciona un funcionamiento suave y fiable. Equipado con una plataforma de trabajo espaciosa, barandillas de seguridad y ruedas m\u00f3viles para facilitar la reubicaci\u00f3n, este equipo reduce significativamente la intensidad de trabajo y mejora la productividad. Es ideal para trabajos de alba\u00f1iler\u00eda, carga de almacenes, mantenimiento de edificios y diversas aplicaciones de elevaci\u00f3n industrial. Su construcci\u00f3n duradera y su sencillo manejo la convierten en una elecci\u00f3n de confianza para contratistas de todo el mundo.<\/p>","protected":false},"excerpt":{"rendered":"<p>Esta plataforma elevadora hidr\u00e1ulica para mamposter\u00eda est\u00e1 dise\u00f1ada para el transporte vertical eficiente de ladrillos, bloques y materiales de construcci\u00f3n. Con elevaci\u00f3n de doble m\u00e1stil, funcionamiento estable, gran capacidad de carga y f\u00e1cil movilidad, mejora la eficiencia y la seguridad del trabajo en las obras de construcci\u00f3n.<\/p>","protected":false},"featured_media":746,"template":"","meta":{"_gspb_post_css":""},"product_brand":[],"product_cat":[19,21],"product_tag":[70,148,149],"class_list":{"0":"post-620","1":"product","2":"type-product","3":"status-publish","4":"has-post-thumbnail","6":"product_cat-freight-elevator","7":"product_cat-hydraulic-freight-elevator","8":"product_tag-construction-material-lift","9":"product_tag-hydraulic-lifting-platform","10":"product_tag-masonry-lifting-equipment","12":"first","13":"instock","14":"shipping-taxable","15":"product-type-simple"},"_links":{"self":[{"href":"https:\/\/chinaminiloader.com\/es\/wp-json\/wp\/v2\/product\/620","targetHints":{"allow":["GET"]}}],"collection":[{"href":"https:\/\/chinaminiloader.com\/es\/wp-json\/wp\/v2\/product"}],"about":[{"href":"https:\/\/chinaminiloader.com\/es\/wp-json\/wp\/v2\/types\/product"}],"wp:featuredmedia":[{"embeddable":true,"href":"https:\/\/chinaminiloader.com\/es\/wp-json\/wp\/v2\/media\/746"}],"wp:attachment":[{"href":"https:\/\/chinaminiloader.com\/es\/wp-json\/wp\/v2\/media?parent=620"}],"wp:term":[{"taxonomy":"product_brand","embeddable":true,"href":"https:\/\/chinaminiloader.com\/es\/wp-json\/wp\/v2\/product_brand?post=620"},{"taxonomy":"product_cat","embeddable":true,"href":"https:\/\/chinaminiloader.com\/es\/wp-json\/wp\/v2\/product_cat?post=620"},{"taxonomy":"product_tag","embeddable":true,"href":"https:\/\/chinaminiloader.com\/es\/wp-json\/wp\/v2\/product_tag?post=620"}],"curies":[{"name":"wp","href":"https:\/\/api.w.org\/{rel}","templated":true}]}}