{"id":557,"date":"2026-04-26T02:03:14","date_gmt":"2026-04-26T02:03:14","guid":{"rendered":"https:\/\/chinaminiloader.com\/?post_type=product&#038;p=557"},"modified":"2026-04-26T02:03:14","modified_gmt":"2026-04-26T02:03:14","slug":"mobile-masonry-lifting-platform-1t-electric-hydraulic-lift","status":"publish","type":"product","link":"https:\/\/chinaminiloader.com\/es\/mobile-masonry-lifting-platform-1t-electric-hydraulic-lift\/","title":{"rendered":"Plataforma elevadora de alba\u00f1iler\u00eda m\u00f3vil, elevador hidr\u00e1ulico el\u00e9ctrico de 1T"},"content":{"rendered":"<p>Nuestra plataforma elevadora m\u00f3vil para mamposter\u00eda est\u00e1 dise\u00f1ada para la manipulaci\u00f3n eficaz de ladrillos, bloques y materiales de construcci\u00f3n. La unidad combina una carga nominal de 1T, un accionamiento el\u00e9ctrico de 220V y un sistema de elevaci\u00f3n hidr\u00e1ulico para elevar materiales sin problemas hasta alturas de trabajo de 4m, 6m u 8m. La anchura de plataforma de 1,35 m, la longitud de plataforma de 4 m y la longitud de almacenamiento de 1,8-3 m permiten un uso flexible en la obra. Las vallas protectoras, la red de seguridad, la plataforma de acero engrosada, la caja de control, el funcionamiento con joystick, las ruedas motrices y las patas de apoyo antivuelco ayudan a mejorar la estabilidad, el control del operador y la seguridad en la obra. Es adecuada para equipos de alba\u00f1iler\u00eda, contratistas de construcci\u00f3n y flotas de alquiler que necesiten equipos m\u00f3viles de acceso vertical para proyectos diarios en la obra.<\/p>","protected":false},"excerpt":{"rendered":"<p>Esta plataforma elevadora m\u00f3vil de alba\u00f1iler\u00eda est\u00e1 dise\u00f1ada para la manipulaci\u00f3n de bloques, ladrillos y materiales en obras de gran actividad. Con una capacidad de carga de 1T, elevador hidr\u00e1ulico el\u00e9ctrico de 220V, opciones de altura de 4\/6\/8m, vallas protectoras, patas de apoyo antivuelco y una plataforma de trabajo de acero de 4m, mejora la seguridad del transporte vertical en obra.<\/p>","protected":false},"featured_media":550,"template":"","meta":{"_gspb_post_css":""},"product_brand":[],"product_cat":[22,24],"product_tag":[138,40,137],"class_list":{"0":"post-557","1":"product","2":"type-product","3":"status-publish","4":"has-post-thumbnail","6":"product_cat-lift-platform","7":"product_cat-masonry-lifting-platform","8":"product_tag-hydraulic-material-handling","9":"product_tag-masonry-lifting-platform","10":"product_tag-mobile-construction-lift","12":"first","13":"instock","14":"shipping-taxable","15":"product-type-simple"},"_links":{"self":[{"href":"https:\/\/chinaminiloader.com\/es\/wp-json\/wp\/v2\/product\/557","targetHints":{"allow":["GET"]}}],"collection":[{"href":"https:\/\/chinaminiloader.com\/es\/wp-json\/wp\/v2\/product"}],"about":[{"href":"https:\/\/chinaminiloader.com\/es\/wp-json\/wp\/v2\/types\/product"}],"wp:featuredmedia":[{"embeddable":true,"href":"https:\/\/chinaminiloader.com\/es\/wp-json\/wp\/v2\/media\/550"}],"wp:attachment":[{"href":"https:\/\/chinaminiloader.com\/es\/wp-json\/wp\/v2\/media?parent=557"}],"wp:term":[{"taxonomy":"product_brand","embeddable":true,"href":"https:\/\/chinaminiloader.com\/es\/wp-json\/wp\/v2\/product_brand?post=557"},{"taxonomy":"product_cat","embeddable":true,"href":"https:\/\/chinaminiloader.com\/es\/wp-json\/wp\/v2\/product_cat?post=557"},{"taxonomy":"product_tag","embeddable":true,"href":"https:\/\/chinaminiloader.com\/es\/wp-json\/wp\/v2\/product_tag?post=557"}],"curies":[{"name":"wp","href":"https:\/\/api.w.org\/{rel}","templated":true}]}}