{"id":464,"date":"2026-04-25T11:17:02","date_gmt":"2026-04-25T11:17:02","guid":{"rendered":"https:\/\/chinaminiloader.com\/?post_type=product&#038;p=464"},"modified":"2026-04-25T11:17:02","modified_gmt":"2026-04-25T11:17:02","slug":"mobile-masonry-hoist-for-blocks-construction-materials-58-characters","status":"publish","type":"product","link":"https:\/\/chinaminiloader.com\/es\/mobile-masonry-hoist-for-blocks-construction-materials-58-characters\/","title":{"rendered":"Elevador m\u00f3vil de alba\u00f1iler\u00eda para bloques y materiales de construcci\u00f3n 58 caracteres"},"content":{"rendered":"<p>Fabricado para la manipulaci\u00f3n de materiales de alba\u00f1iler\u00eda y construcci\u00f3n, este elevador m\u00f3vil de alba\u00f1iler\u00eda ayuda a mover ladrillos, bloques, pal\u00e9s y herramientas a zonas de trabajo elevadas con menos transporte manual. Su sistema de elevaci\u00f3n de m\u00e1stil doble, su bastidor de acero reforzado, su amplia plataforma, sus barandillas de seguridad, sus estabilizadores y su base remolcable permiten un uso eficiente en lugares de trabajo cambiantes. La disposici\u00f3n de la plataforma permite a los trabajadores cargar y descargar materiales desde ambos lados, lo que mejora el flujo de trabajo en fachadas de edificios, tareas de mantenimiento, renovaci\u00f3n y traslado de almacenes. Como f\u00e1brica china, podemos ofrecer personalizaci\u00f3n OEM, opciones de configuraci\u00f3n pr\u00e1cticas y producci\u00f3n por lotes para distribuidores, contratistas, empresas de alquiler, equipos de ingenier\u00eda y proyectos globales en todo el mundo.<\/p>","protected":false},"excerpt":{"rendered":"<p>Este polipasto m\u00f3vil de alba\u00f1iler\u00eda est\u00e1 dise\u00f1ado para elevar ladrillos, bloques, pal\u00e9s y materiales de obra. La estructura de elevaci\u00f3n de doble m\u00e1stil, la gran plataforma de trabajo, el sistema de barandillas, los estabilizadores y la base del remolque permiten una transferencia de materiales estable y eficiente en obras de construcci\u00f3n, alba\u00f1iler\u00eda y mantenimiento.<br data-start=\"725\" data-end=\"728\" \/><em data-start=\"728\" data-end=\"744\">300 caracteres<\/em><\/p>","protected":false},"featured_media":470,"template":"","meta":{"_gspb_post_css":""},"product_brand":[],"product_cat":[22,24],"product_tag":[119,95,74],"class_list":{"0":"post-464","1":"product","2":"type-product","3":"status-publish","4":"has-post-thumbnail","6":"product_cat-lift-platform","7":"product_cat-masonry-lifting-platform","8":"product_tag-construction-lift","9":"product_tag-masonry-hoist","10":"product_tag-material-handling-platform","12":"first","13":"instock","14":"shipping-taxable","15":"product-type-simple"},"_links":{"self":[{"href":"https:\/\/chinaminiloader.com\/es\/wp-json\/wp\/v2\/product\/464","targetHints":{"allow":["GET"]}}],"collection":[{"href":"https:\/\/chinaminiloader.com\/es\/wp-json\/wp\/v2\/product"}],"about":[{"href":"https:\/\/chinaminiloader.com\/es\/wp-json\/wp\/v2\/types\/product"}],"wp:featuredmedia":[{"embeddable":true,"href":"https:\/\/chinaminiloader.com\/es\/wp-json\/wp\/v2\/media\/470"}],"wp:attachment":[{"href":"https:\/\/chinaminiloader.com\/es\/wp-json\/wp\/v2\/media?parent=464"}],"wp:term":[{"taxonomy":"product_brand","embeddable":true,"href":"https:\/\/chinaminiloader.com\/es\/wp-json\/wp\/v2\/product_brand?post=464"},{"taxonomy":"product_cat","embeddable":true,"href":"https:\/\/chinaminiloader.com\/es\/wp-json\/wp\/v2\/product_cat?post=464"},{"taxonomy":"product_tag","embeddable":true,"href":"https:\/\/chinaminiloader.com\/es\/wp-json\/wp\/v2\/product_tag?post=464"}],"curies":[{"name":"wp","href":"https:\/\/api.w.org\/{rel}","templated":true}]}}