{"id":457,"date":"2026-04-25T11:11:08","date_gmt":"2026-04-25T11:11:08","guid":{"rendered":"https:\/\/chinaminiloader.com\/?post_type=product&#038;p=457"},"modified":"2026-04-25T11:11:08","modified_gmt":"2026-04-25T11:11:08","slug":"electric-scaffolding-lift-platform-for-construction-work","status":"publish","type":"product","link":"https:\/\/chinaminiloader.com\/es\/electric-scaffolding-lift-platform-for-construction-work\/","title":{"rendered":"Plataforma elevadora de andamios el\u00e9ctrica para trabajos de construcci\u00f3n"},"content":{"rendered":"<p>Dise\u00f1ada para proyectos de construcci\u00f3n, decoraci\u00f3n y mantenimiento, esta plataforma elevadora de andamio el\u00e9ctrica ofrece una pr\u00e1ctica soluci\u00f3n de acceso vertical para trabajadores y materiales ligeros. La estructura cuenta con un robusto bastidor de acero, plataforma de trabajo antideslizante, barandillas protectoras, sistema de elevaci\u00f3n por cable, ruedas m\u00f3viles y estabilizadores ajustables para mejorar la estabilidad en la obra. Su dise\u00f1o modular compacto ayuda a f\u00e1bricas, contratistas y empresas de alquiler a mover, colocar y utilizar la plataforma de forma eficiente. Adecuada para trabajos en fachadas, instalaci\u00f3n de muros, inspecci\u00f3n de equipos y mantenimiento de talleres, permite realizar operaciones elevadas m\u00e1s seguras al tiempo que reduce las operaciones manuales de ascenso y reposicionamiento. Tambi\u00e9n puede suministrarse con altura, tama\u00f1o de plataforma, capacidad de carga y configuraci\u00f3n de potencia personalizados.<\/p>","protected":false},"excerpt":{"rendered":"<p>Esta plataforma elevadora de andamios el\u00e9ctrica utiliza un bastidor de acero soldado, un sistema de elevaci\u00f3n por cable, una plataforma de trabajo antideslizante, barandillas, ruedas y estabilizadores ajustables. Proporciona un acceso vertical estable para la construcci\u00f3n de fachadas, la instalaci\u00f3n de equipos, la inspecci\u00f3n, la reparaci\u00f3n y el mantenimiento diarios en obras de construcci\u00f3n.<\/p>","protected":false},"featured_media":463,"template":"","meta":{"_gspb_post_css":""},"product_brand":[],"product_cat":[22,23],"product_tag":[118,117,96],"class_list":{"0":"post-457","1":"product","2":"type-product","3":"status-publish","4":"has-post-thumbnail","6":"product_cat-lift-platform","7":"product_cat-electric-tricycle-lift-truck","8":"product_tag-construction-lift-platform","9":"product_tag-electric-scaffolding","10":"product_tag-mobile-work-platform","12":"first","13":"instock","14":"shipping-taxable","15":"product-type-simple"},"_links":{"self":[{"href":"https:\/\/chinaminiloader.com\/es\/wp-json\/wp\/v2\/product\/457","targetHints":{"allow":["GET"]}}],"collection":[{"href":"https:\/\/chinaminiloader.com\/es\/wp-json\/wp\/v2\/product"}],"about":[{"href":"https:\/\/chinaminiloader.com\/es\/wp-json\/wp\/v2\/types\/product"}],"wp:featuredmedia":[{"embeddable":true,"href":"https:\/\/chinaminiloader.com\/es\/wp-json\/wp\/v2\/media\/463"}],"wp:attachment":[{"href":"https:\/\/chinaminiloader.com\/es\/wp-json\/wp\/v2\/media?parent=457"}],"wp:term":[{"taxonomy":"product_brand","embeddable":true,"href":"https:\/\/chinaminiloader.com\/es\/wp-json\/wp\/v2\/product_brand?post=457"},{"taxonomy":"product_cat","embeddable":true,"href":"https:\/\/chinaminiloader.com\/es\/wp-json\/wp\/v2\/product_cat?post=457"},{"taxonomy":"product_tag","embeddable":true,"href":"https:\/\/chinaminiloader.com\/es\/wp-json\/wp\/v2\/product_tag?post=457"}],"curies":[{"name":"wp","href":"https:\/\/api.w.org\/{rel}","templated":true}]}}