{"id":440,"date":"2026-04-25T11:00:05","date_gmt":"2026-04-25T11:00:05","guid":{"rendered":"https:\/\/chinaminiloader.com\/?post_type=product&#038;p=440"},"modified":"2026-04-25T11:00:05","modified_gmt":"2026-04-25T11:00:05","slug":"hydraulic-freight-elevator-for-material-handling-lifting","status":"publish","type":"product","link":"https:\/\/chinaminiloader.com\/es\/hydraulic-freight-elevator-for-material-handling-lifting\/","title":{"rendered":"Elevador hidr\u00e1ulico de carga para elevaci\u00f3n de manipulaci\u00f3n de materiales"},"content":{"rendered":"<p>Nuestro elevador de carga hidr\u00e1ulico est\u00e1 dise\u00f1ado para la manipulaci\u00f3n vertical confiable de materiales en f\u00e1bricas, almacenes, talleres y entornos de construcci\u00f3n. Un marco de acero engrosado, cadena de placa reforzada, y el dise\u00f1o de seguridad anti-ca\u00edda ayudan a mantener la elevaci\u00f3n estable durante la operaci\u00f3n diaria. La estructura de la plataforma admite la carga de mercanc\u00edas, la manipulaci\u00f3n de mamposter\u00eda, la transferencia de equipos y requisitos de producci\u00f3n personalizados. La altura, el tama\u00f1o de la plataforma, el color, la configuraci\u00f3n del motor y las opciones de control pueden ajustarse seg\u00fan las necesidades del proyecto. Con elevaci\u00f3n hidr\u00e1ulica suave, fuerte rendimiento de soporte de carga y adaptabilidad a interiores y exteriores, este elevador de carga ofrece una soluci\u00f3n pr\u00e1ctica para mover mercanc\u00edas entre plantas al tiempo que mejora la eficiencia y reduce la presi\u00f3n de manipulaci\u00f3n manual en el sitio.<\/p>","protected":false},"excerpt":{"rendered":"<p>Construido con acero reforzado, transmisi\u00f3n por cadena reforzada y protecci\u00f3n antica\u00edda, este montacargas hidr\u00e1ulico proporciona una elevaci\u00f3n vertical estable para f\u00e1bricas, almacenes y obras. La plataforma puede personalizarse para diferentes alturas y cargas, lo que permite una manipulaci\u00f3n de materiales en interiores y exteriores sin problemas.<\/p>","protected":false},"featured_media":456,"template":"","meta":{"_gspb_post_css":""},"product_brand":[],"product_cat":[19,21],"product_tag":[51,50,58],"class_list":{"0":"post-440","1":"product","2":"type-product","3":"status-publish","4":"has-post-thumbnail","6":"product_cat-freight-elevator","7":"product_cat-hydraulic-freight-elevator","8":"product_tag-cargo-lifting-platform","9":"product_tag-hydraulic-freight-elevator","10":"product_tag-material-handling-lift","12":"first","13":"instock","14":"shipping-taxable","15":"product-type-simple"},"_links":{"self":[{"href":"https:\/\/chinaminiloader.com\/es\/wp-json\/wp\/v2\/product\/440","targetHints":{"allow":["GET"]}}],"collection":[{"href":"https:\/\/chinaminiloader.com\/es\/wp-json\/wp\/v2\/product"}],"about":[{"href":"https:\/\/chinaminiloader.com\/es\/wp-json\/wp\/v2\/types\/product"}],"wp:featuredmedia":[{"embeddable":true,"href":"https:\/\/chinaminiloader.com\/es\/wp-json\/wp\/v2\/media\/456"}],"wp:attachment":[{"href":"https:\/\/chinaminiloader.com\/es\/wp-json\/wp\/v2\/media?parent=440"}],"wp:term":[{"taxonomy":"product_brand","embeddable":true,"href":"https:\/\/chinaminiloader.com\/es\/wp-json\/wp\/v2\/product_brand?post=440"},{"taxonomy":"product_cat","embeddable":true,"href":"https:\/\/chinaminiloader.com\/es\/wp-json\/wp\/v2\/product_cat?post=440"},{"taxonomy":"product_tag","embeddable":true,"href":"https:\/\/chinaminiloader.com\/es\/wp-json\/wp\/v2\/product_tag?post=440"}],"curies":[{"name":"wp","href":"https:\/\/api.w.org\/{rel}","templated":true}]}}