{"id":426,"date":"2026-04-25T10:48:32","date_gmt":"2026-04-25T10:48:32","guid":{"rendered":"https:\/\/chinaminiloader.com\/?post_type=product&#038;p=426"},"modified":"2026-04-25T10:48:32","modified_gmt":"2026-04-25T10:48:32","slug":"electric-freight-elevator-lift-platform-for-warehouse-use","status":"publish","type":"product","link":"https:\/\/chinaminiloader.com\/es\/electric-freight-elevator-lift-platform-for-warehouse-use\/","title":{"rendered":"Plataforma elevadora el\u00e9ctrica de carga para almac\u00e9n"},"content":{"rendered":"<p>Nuestro elevador de carga el\u00e9ctrico proporciona una soluci\u00f3n pr\u00e1ctica de transporte vertical para talleres, almacenes, f\u00e1bricas y proyectos de construcci\u00f3n. Construido con una estructura r\u00edgida de acero, plataforma de carga protegida, motor el\u00e9ctrico, cable de acero y protecci\u00f3n antica\u00edda, ayuda a mover materiales entre plantas con mayor eficiencia y estabilidad. El dise\u00f1o compacto del bastidor permite la instalaci\u00f3n en espacios limitados, mientras que el tama\u00f1o personalizable de la plataforma, la altura de elevaci\u00f3n, la capacidad de carga y las opciones de control permiten que la unidad se adapte a los distintos requisitos de la obra. Adecuado para cajas de cart\u00f3n, herramientas, componentes y mercanc\u00edas embaladas, este elevador de manipulaci\u00f3n de materiales est\u00e1 dise\u00f1ado para un funcionamiento diario fiable y una reducci\u00f3n de la carga de trabajo de manipulaci\u00f3n manual en el lugar de trabajo de forma segura.<\/p>","protected":false},"excerpt":{"rendered":"<p>Este elevador de carga el\u00e9ctrico est\u00e1 dise\u00f1ado para el transporte vertical de mercanc\u00edas en f\u00e1bricas, almacenes y obras de construcci\u00f3n. Cuenta con un m\u00e1stil de acero reforzado, plataforma protegida, cable met\u00e1lico grueso, antica\u00eddas y accionamiento el\u00e9ctrico compacto para una manipulaci\u00f3n de materiales estable y eficiente todos los d\u00edas.<\/p>","protected":false},"featured_media":439,"template":"","meta":{"_gspb_post_css":""},"product_brand":[],"product_cat":[19,20],"product_tag":[44,89,58],"class_list":{"0":"post-426","1":"product","2":"type-product","3":"status-publish","4":"has-post-thumbnail","6":"product_cat-freight-elevator","7":"product_cat-electric-freight-elevator","8":"product_tag-construction-platform","9":"product_tag-electric-freight-elevator","10":"product_tag-material-handling-lift","12":"first","13":"instock","14":"shipping-taxable","15":"product-type-simple"},"_links":{"self":[{"href":"https:\/\/chinaminiloader.com\/es\/wp-json\/wp\/v2\/product\/426","targetHints":{"allow":["GET"]}}],"collection":[{"href":"https:\/\/chinaminiloader.com\/es\/wp-json\/wp\/v2\/product"}],"about":[{"href":"https:\/\/chinaminiloader.com\/es\/wp-json\/wp\/v2\/types\/product"}],"wp:featuredmedia":[{"embeddable":true,"href":"https:\/\/chinaminiloader.com\/es\/wp-json\/wp\/v2\/media\/439"}],"wp:attachment":[{"href":"https:\/\/chinaminiloader.com\/es\/wp-json\/wp\/v2\/media?parent=426"}],"wp:term":[{"taxonomy":"product_brand","embeddable":true,"href":"https:\/\/chinaminiloader.com\/es\/wp-json\/wp\/v2\/product_brand?post=426"},{"taxonomy":"product_cat","embeddable":true,"href":"https:\/\/chinaminiloader.com\/es\/wp-json\/wp\/v2\/product_cat?post=426"},{"taxonomy":"product_tag","embeddable":true,"href":"https:\/\/chinaminiloader.com\/es\/wp-json\/wp\/v2\/product_tag?post=426"}],"curies":[{"name":"wp","href":"https:\/\/api.w.org\/{rel}","templated":true}]}}