{"id":324,"date":"2026-04-25T07:32:25","date_gmt":"2026-04-25T07:32:25","guid":{"rendered":"https:\/\/chinaminiloader.com\/?post_type=product&#038;p=324"},"modified":"2026-04-25T07:32:25","modified_gmt":"2026-04-25T07:32:25","slug":"hydraulic-mini-freight-elevator-for-material-handling-lift-58-characters","status":"publish","type":"product","link":"https:\/\/chinaminiloader.com\/es\/hydraulic-mini-freight-elevator-for-material-handling-lift-58-characters\/","title":{"rendered":"Mini elevador de carga hidr\u00e1ulico para elevaci\u00f3n de manipulaci\u00f3n de materiales 58 caracteres"},"content":{"rendered":"<p>Nuestro miniascensor de carga hidr\u00e1ulico est\u00e1 dise\u00f1ado para la manipulaci\u00f3n vertical eficiente de materiales en talleres, almacenes, f\u00e1bricas, entreplantas y zonas de construcci\u00f3n. La estructura compacta del m\u00e1stil, la plataforma reforzada y las barandillas protectoras permiten una carga estable ocupando un espacio limitado. Con elevaci\u00f3n hidr\u00e1ulica, opciones de control el\u00e9ctrico y una pr\u00e1ctica rampa de carga, el elevador ayuda a los operarios a mover cajas, herramientas, componentes y equipos peque\u00f1os entre niveles con menos esfuerzo manual. La m\u00e1quina puede personalizarse en cuanto al tama\u00f1o de la plataforma, la altura de elevaci\u00f3n, la capacidad, el color y el m\u00e9todo de control para adaptarse a las diferentes distribuciones de las instalaciones. Es una soluci\u00f3n fiable para mejorar el flujo de trabajo, reducir el tiempo de manipulaci\u00f3n y facilitar el traslado de cargas.<\/p>","protected":false},"excerpt":{"rendered":"<p>Este miniascensor de carga hidr\u00e1ulico est\u00e1 dise\u00f1ado para el transporte vertical compacto de carga en f\u00e1bricas, almacenes y obras de construcci\u00f3n. Un bastidor de acero estable, una plataforma protegida, un sistema de elevaci\u00f3n hidr\u00e1ulico y unos controles sencillos ayudan a mover herramientas, cajas y materiales de forma segura entre plantas, a la vez que ahorran tiempo de trabajo.<\/p>","protected":false},"featured_media":327,"template":"","meta":{"_gspb_post_css":""},"product_brand":[],"product_cat":[19,21],"product_tag":[44,50,58],"class_list":{"0":"post-324","1":"product","2":"type-product","3":"status-publish","4":"has-post-thumbnail","6":"product_cat-freight-elevator","7":"product_cat-hydraulic-freight-elevator","8":"product_tag-construction-platform","9":"product_tag-hydraulic-freight-elevator","10":"product_tag-material-handling-lift","12":"first","13":"instock","14":"shipping-taxable","15":"product-type-simple"},"_links":{"self":[{"href":"https:\/\/chinaminiloader.com\/es\/wp-json\/wp\/v2\/product\/324","targetHints":{"allow":["GET"]}}],"collection":[{"href":"https:\/\/chinaminiloader.com\/es\/wp-json\/wp\/v2\/product"}],"about":[{"href":"https:\/\/chinaminiloader.com\/es\/wp-json\/wp\/v2\/types\/product"}],"wp:featuredmedia":[{"embeddable":true,"href":"https:\/\/chinaminiloader.com\/es\/wp-json\/wp\/v2\/media\/327"}],"wp:attachment":[{"href":"https:\/\/chinaminiloader.com\/es\/wp-json\/wp\/v2\/media?parent=324"}],"wp:term":[{"taxonomy":"product_brand","embeddable":true,"href":"https:\/\/chinaminiloader.com\/es\/wp-json\/wp\/v2\/product_brand?post=324"},{"taxonomy":"product_cat","embeddable":true,"href":"https:\/\/chinaminiloader.com\/es\/wp-json\/wp\/v2\/product_cat?post=324"},{"taxonomy":"product_tag","embeddable":true,"href":"https:\/\/chinaminiloader.com\/es\/wp-json\/wp\/v2\/product_tag?post=324"}],"curies":[{"name":"wp","href":"https:\/\/api.w.org\/{rel}","templated":true}]}}