{"id":318,"date":"2026-04-25T07:18:52","date_gmt":"2026-04-25T07:18:52","guid":{"rendered":"https:\/\/chinaminiloader.com\/?post_type=product&#038;p=318"},"modified":"2026-04-25T07:18:52","modified_gmt":"2026-04-25T07:18:52","slug":"electric-mini-freight-elevator","status":"publish","type":"product","link":"https:\/\/chinaminiloader.com\/es\/electric-mini-freight-elevator\/","title":{"rendered":"Miniascensor de carga el\u00e9ctrico"},"content":{"rendered":"<p>Dise\u00f1ado para la manipulaci\u00f3n vertical eficiente de materiales, este miniascensor de carga el\u00e9ctrico ayuda a f\u00e1bricas, almacenes, talleres y proyectos de construcci\u00f3n a elevar mercanc\u00edas con una estructura compacta que ahorra espacio. El m\u00e1stil de acero, la plataforma cerrada y el dise\u00f1o de la barandilla permiten una carga estable a la vez que reducen el transporte manual entre niveles. Su sencillo sistema de elevaci\u00f3n el\u00e9ctrico es adecuado para herramientas, cajas de cart\u00f3n, piezas, equipos peque\u00f1os y otras cargas sin pasajeros. Como fabricante chino, podemos ajustar el tama\u00f1o de la plataforma, la altura de elevaci\u00f3n, el color y la estructura seg\u00fan las necesidades del proyecto. La unidad es pr\u00e1ctica para lugares de trabajo interiores y exteriores que requieran una elevaci\u00f3n de mercanc\u00edas fiable, econ\u00f3mica y que ocupe poco espacio para las operaciones diarias y las tareas de mantenimiento.<\/p>","protected":false},"excerpt":{"rendered":"<p>Este miniascensor de carga el\u00e9ctrico tiene un bastidor compacto, una plataforma estable y barandillas protectoras para trasladar mercanc\u00edas entre plantas. Su reducido tama\u00f1o se adapta a almacenes, talleres, tiendas y obras de construcci\u00f3n. La personalizaci\u00f3n en f\u00e1brica permite diferentes tama\u00f1os de plataforma y alturas de elevaci\u00f3n para el trabajo diario.<\/p>","protected":false},"featured_media":320,"template":"","meta":{"_gspb_post_css":""},"product_brand":[],"product_cat":[19,20],"product_tag":[89,91,90],"class_list":{"0":"post-318","1":"product","2":"type-product","3":"status-publish","4":"has-post-thumbnail","6":"product_cat-freight-elevator","7":"product_cat-electric-freight-elevator","8":"product_tag-electric-freight-elevator","9":"product_tag-material-lifting-platform","10":"product_tag-mini-cargo-lift","12":"first","13":"instock","14":"shipping-taxable","15":"product-type-simple"},"_links":{"self":[{"href":"https:\/\/chinaminiloader.com\/es\/wp-json\/wp\/v2\/product\/318","targetHints":{"allow":["GET"]}}],"collection":[{"href":"https:\/\/chinaminiloader.com\/es\/wp-json\/wp\/v2\/product"}],"about":[{"href":"https:\/\/chinaminiloader.com\/es\/wp-json\/wp\/v2\/types\/product"}],"wp:featuredmedia":[{"embeddable":true,"href":"https:\/\/chinaminiloader.com\/es\/wp-json\/wp\/v2\/media\/320"}],"wp:attachment":[{"href":"https:\/\/chinaminiloader.com\/es\/wp-json\/wp\/v2\/media?parent=318"}],"wp:term":[{"taxonomy":"product_brand","embeddable":true,"href":"https:\/\/chinaminiloader.com\/es\/wp-json\/wp\/v2\/product_brand?post=318"},{"taxonomy":"product_cat","embeddable":true,"href":"https:\/\/chinaminiloader.com\/es\/wp-json\/wp\/v2\/product_cat?post=318"},{"taxonomy":"product_tag","embeddable":true,"href":"https:\/\/chinaminiloader.com\/es\/wp-json\/wp\/v2\/product_tag?post=318"}],"curies":[{"name":"wp","href":"https:\/\/api.w.org\/{rel}","templated":true}]}}