{"id":313,"date":"2026-04-25T07:07:57","date_gmt":"2026-04-25T07:07:57","guid":{"rendered":"https:\/\/chinaminiloader.com\/?post_type=product&#038;p=313"},"modified":"2026-04-26T08:30:18","modified_gmt":"2026-04-26T08:30:18","slug":"electric-mini-loader-for-compact-material-handling-jobs-55-characters","status":"publish","type":"product","link":"https:\/\/chinaminiloader.com\/es\/electric-mini-loader-for-compact-material-handling-jobs-55-characters\/","title":{"rendered":"Minicargadora el\u00e9ctrica para trabajos compactos de manipulaci\u00f3n de materiales 55 caracteres"},"content":{"rendered":"<p>Dise\u00f1ada para trabajos flexibles en interiores y exteriores, esta minicargadora el\u00e9ctrica combina un tama\u00f1o compacto con un pr\u00e1ctico rendimiento de elevaci\u00f3n y carga. La cuchara frontal ayuda a mover arena, tierra, piensos, residuos, materiales de embalaje y \u00e1ridos ligeros por f\u00e1bricas, granjas, almacenes, jardines y obras. Su peque\u00f1o radio de giro, el sencillo puesto del operador y el tejadillo protector la hacen adecuada para pasillos estrechos y patios confinados. En comparaci\u00f3n con cargadoras m\u00e1s grandes, es m\u00e1s f\u00e1cil de transportar, almacenar y mantener, a la vez que reduce el trabajo de manipulaci\u00f3n manual. Como fabricante chino, podemos apoyar los requisitos de OEM, suministro estable y opciones de configuraci\u00f3n para diferentes aplicaciones de manipulaci\u00f3n de materiales y sitios de trabajo.<\/p>","protected":false},"excerpt":{"rendered":"<p>Esta minicargadora el\u00e9ctrica est\u00e1 dise\u00f1ada para la manipulaci\u00f3n compacta de materiales en f\u00e1bricas, granjas, almacenes y obras de construcci\u00f3n. Su cuchara frontal, su bastidor articulado, su tejadillo y sus sencillos controles permiten cargar, transferir, rellenar y limpiar donde las cargadoras de mayor tama\u00f1o no pueden trabajar de forma eficiente con las opciones OEM.<br data-start=\"762\" data-end=\"765\" \/><em data-start=\"765\" data-end=\"781\">300 caracteres<\/em><\/p>","protected":false},"featured_media":317,"template":"","meta":{"_gspb_post_css":""},"product_brand":[],"product_cat":[15,17],"product_tag":[28,88,42],"class_list":{"0":"post-313","1":"product","2":"type-product","3":"status-publish","4":"has-post-thumbnail","6":"product_cat-mini-loader","7":"product_cat-diesel-mini-loader","8":"product_tag-compact-wheel-loader","9":"product_tag-electric-mini-loader","10":"product_tag-material-handling-equipment","12":"first","13":"instock","14":"shipping-taxable","15":"product-type-simple"},"_links":{"self":[{"href":"https:\/\/chinaminiloader.com\/es\/wp-json\/wp\/v2\/product\/313","targetHints":{"allow":["GET"]}}],"collection":[{"href":"https:\/\/chinaminiloader.com\/es\/wp-json\/wp\/v2\/product"}],"about":[{"href":"https:\/\/chinaminiloader.com\/es\/wp-json\/wp\/v2\/types\/product"}],"wp:featuredmedia":[{"embeddable":true,"href":"https:\/\/chinaminiloader.com\/es\/wp-json\/wp\/v2\/media\/317"}],"wp:attachment":[{"href":"https:\/\/chinaminiloader.com\/es\/wp-json\/wp\/v2\/media?parent=313"}],"wp:term":[{"taxonomy":"product_brand","embeddable":true,"href":"https:\/\/chinaminiloader.com\/es\/wp-json\/wp\/v2\/product_brand?post=313"},{"taxonomy":"product_cat","embeddable":true,"href":"https:\/\/chinaminiloader.com\/es\/wp-json\/wp\/v2\/product_cat?post=313"},{"taxonomy":"product_tag","embeddable":true,"href":"https:\/\/chinaminiloader.com\/es\/wp-json\/wp\/v2\/product_tag?post=313"}],"curies":[{"name":"wp","href":"https:\/\/api.w.org\/{rel}","templated":true}]}}