{"id":224,"date":"2026-04-25T02:02:23","date_gmt":"2026-04-25T02:02:23","guid":{"rendered":"https:\/\/chinaminiloader.com\/?post_type=product&#038;p=224"},"modified":"2026-04-25T02:02:23","modified_gmt":"2026-04-25T02:02:23","slug":"hydraulic-cargo-lift-platform-for-warehouse-freight-use","status":"publish","type":"product","link":"https:\/\/chinaminiloader.com\/es\/hydraulic-cargo-lift-platform-for-warehouse-freight-use\/","title":{"rendered":"Plataforma elevadora de cargas hidr\u00e1ulica para uso de mercanc\u00edas en almacenes"},"content":{"rendered":"<p>Nuestra plataforma elevadora de carga hidr\u00e1ulica es una soluci\u00f3n fiable para el transporte vertical de mercanc\u00edas en entornos industriales. Ampliamente utilizada en almacenes, talleres, f\u00e1bricas y obras de construcci\u00f3n, garantiza la carga y descarga segura y eficiente de mercanc\u00edas pesadas. Construida con un robusto bastidor de acero y un estable sistema de elevaci\u00f3n hidr\u00e1ulica, la plataforma ofrece un funcionamiento suave, una gran capacidad de carga y una larga vida \u00fatil. Los ra\u00edles de seguridad, las funciones de parada de emergencia y los tama\u00f1os personalizables de la plataforma proporcionan mayor protecci\u00f3n y flexibilidad. Apoyamos la fabricaci\u00f3n OEM y personalizada basada en su altura de elevaci\u00f3n, capacidad de carga y requisitos de instalaci\u00f3n, ayudando a los clientes a mejorar el flujo de trabajo y reducir los costes de mano de obra.<\/p>","protected":false},"excerpt":{"rendered":"<p>Esta plataforma elevadora de carga hidr\u00e1ulica est\u00e1 dise\u00f1ada para el transporte vertical seguro y eficiente de mercanc\u00edas en almacenes, f\u00e1bricas y obras de construcci\u00f3n. Con un rendimiento de elevaci\u00f3n estable, una estructura de acero resistente y una capacidad de carga personalizable, mejora la eficiencia en la manipulaci\u00f3n de materiales.<\/p>","protected":false},"featured_media":227,"template":"","meta":{"_gspb_post_css":""},"product_brand":[],"product_cat":[19,21],"product_tag":[59,74,60],"class_list":{"0":"post-224","1":"product","2":"type-product","3":"status-publish","4":"has-post-thumbnail","6":"product_cat-freight-elevator","7":"product_cat-hydraulic-freight-elevator","8":"product_tag-hydraulic-cargo-lift","9":"product_tag-material-handling-platform","10":"product_tag-warehouse-freight-elevator","12":"first","13":"instock","14":"shipping-taxable","15":"product-type-simple"},"_links":{"self":[{"href":"https:\/\/chinaminiloader.com\/es\/wp-json\/wp\/v2\/product\/224","targetHints":{"allow":["GET"]}}],"collection":[{"href":"https:\/\/chinaminiloader.com\/es\/wp-json\/wp\/v2\/product"}],"about":[{"href":"https:\/\/chinaminiloader.com\/es\/wp-json\/wp\/v2\/types\/product"}],"wp:featuredmedia":[{"embeddable":true,"href":"https:\/\/chinaminiloader.com\/es\/wp-json\/wp\/v2\/media\/227"}],"wp:attachment":[{"href":"https:\/\/chinaminiloader.com\/es\/wp-json\/wp\/v2\/media?parent=224"}],"wp:term":[{"taxonomy":"product_brand","embeddable":true,"href":"https:\/\/chinaminiloader.com\/es\/wp-json\/wp\/v2\/product_brand?post=224"},{"taxonomy":"product_cat","embeddable":true,"href":"https:\/\/chinaminiloader.com\/es\/wp-json\/wp\/v2\/product_cat?post=224"},{"taxonomy":"product_tag","embeddable":true,"href":"https:\/\/chinaminiloader.com\/es\/wp-json\/wp\/v2\/product_tag?post=224"}],"curies":[{"name":"wp","href":"https:\/\/api.w.org\/{rel}","templated":true}]}}