{"id":86,"date":"2026-04-24T09:09:30","date_gmt":"2026-04-24T09:09:30","guid":{"rendered":"https:\/\/chinaminiloader.com\/?post_type=product&#038;p=86"},"modified":"2026-04-24T09:09:30","modified_gmt":"2026-04-24T09:09:30","slug":"durable-remote-controlled-mini-crawler-loader-for-construction-material-handling","status":"publish","type":"product","link":"https:\/\/chinaminiloader.com\/de\/durable-remote-controlled-mini-crawler-loader-for-construction-material-handling\/","title":{"rendered":"Robuster ferngesteuerter Mini-Raupenlader f\u00fcr Bau und Materialumschlag"},"content":{"rendered":"<p>Dieser kompakte und leistungsstarke Mini-Raupenlader ist f\u00fcr verschiedene industrielle Anwendungen wie Materialtransport, Bauarbeiten und das Heben von Lasten ausgelegt. Mit seinen robusten Raupen bietet der Lader eine hervorragende Traktion auf unebenen Fl\u00e4chen. Ausgestattet mit einer einfach zu bedienenden Fernsteuerung l\u00e4sst sich die Maschine auch auf engem Raum pr\u00e4zise man\u00f6vrieren. Der robuste Motor und die langlebige Konstruktion gew\u00e4hrleisten eine langfristige Leistung unter harten Arbeitsbedingungen und machen ihn zu einer zuverl\u00e4ssigen Wahl f\u00fcr schwere Aufgaben. Ganz gleich, ob es sich um Bauplattformen oder Lastenaufz\u00fcge handelt, dieser Minilader steigert die Effizienz und Produktivit\u00e4t auf der Baustelle.<\/p>","protected":false},"excerpt":{"rendered":"<p>Unser Mini-Raupenlader ist eine hocheffiziente, ferngesteuerte Baumaschine, die f\u00fcr den Materialumschlag und Lastenaufz\u00fcge konzipiert wurde. Er wurde f\u00fcr robuste Aufgaben gebaut und verf\u00fcgt \u00fcber langlebige Raupen, einen leistungsstarken Motor und intuitive Bedienelemente, die ihn ideal f\u00fcr enge R\u00e4ume und schwere Aufgaben machen.<\/p>","protected":false},"featured_media":92,"template":"","meta":{"_gspb_post_css":""},"product_brand":[],"product_cat":[27,25],"product_tag":[46,45,47],"class_list":{"0":"post-86","1":"product","2":"type-product","3":"status-publish","4":"has-post-thumbnail","6":"product_cat-crawler-lawn-mower","7":"product_cat-lawn-mower","8":"product_tag-construction-equipment","9":"product_tag-mini-crawler-loader","10":"product_tag-remote-controlled-loader","12":"first","13":"instock","14":"shipping-taxable","15":"product-type-simple"},"_links":{"self":[{"href":"https:\/\/chinaminiloader.com\/de\/wp-json\/wp\/v2\/product\/86","targetHints":{"allow":["GET"]}}],"collection":[{"href":"https:\/\/chinaminiloader.com\/de\/wp-json\/wp\/v2\/product"}],"about":[{"href":"https:\/\/chinaminiloader.com\/de\/wp-json\/wp\/v2\/types\/product"}],"wp:featuredmedia":[{"embeddable":true,"href":"https:\/\/chinaminiloader.com\/de\/wp-json\/wp\/v2\/media\/92"}],"wp:attachment":[{"href":"https:\/\/chinaminiloader.com\/de\/wp-json\/wp\/v2\/media?parent=86"}],"wp:term":[{"taxonomy":"product_brand","embeddable":true,"href":"https:\/\/chinaminiloader.com\/de\/wp-json\/wp\/v2\/product_brand?post=86"},{"taxonomy":"product_cat","embeddable":true,"href":"https:\/\/chinaminiloader.com\/de\/wp-json\/wp\/v2\/product_cat?post=86"},{"taxonomy":"product_tag","embeddable":true,"href":"https:\/\/chinaminiloader.com\/de\/wp-json\/wp\/v2\/product_tag?post=86"}],"curies":[{"name":"wp","href":"https:\/\/api.w.org\/{rel}","templated":true}]}}