{"id":733,"date":"2026-04-26T10:44:45","date_gmt":"2026-04-26T10:44:45","guid":{"rendered":"https:\/\/chinaminiloader.com\/?post_type=product&#038;p=733"},"modified":"2026-04-26T10:44:45","modified_gmt":"2026-04-26T10:44:45","slug":"compact-electric-wheel-loader-with-bucket-and-forklift-arm","status":"publish","type":"product","link":"https:\/\/chinaminiloader.com\/de\/compact-electric-wheel-loader-with-bucket-and-forklift-arm\/","title":{"rendered":"Kompakter elektrischer Radlader mit Schaufel und Gabelstaplerarm"},"content":{"rendered":"<p>Dieser neue elektrische Energieradlader ist eine kompakte Materialumschlagmaschine f\u00fcr Benutzer, die effizientes Laden auf begrenztem Raum ben\u00f6tigen. Die gr\u00fcne Karosserie, die robuste Bereifung, der hydraulische Hubarm, die Frontschaufel und das Gabelanbauger\u00e4t machen ihn zu einem praktischen Ger\u00e4t f\u00fcr den Transport von Erde, Sand, Futtermitteln, Paletten, Baumaterialien und Lagerware. Sein elektrischer Antrieb tr\u00e4gt zur Verringerung der Abgasemissionen bei und unterst\u00fctzt einen sauberen Betrieb in landwirtschaftlichen Betrieben, Fabriken, H\u00f6fen und Arbeitsbereichen im Innen- und Au\u00dfenbereich. Die offene Fahrposition bietet dem Fahrer eine gute Sicht, w\u00e4hrend der kurze Radstand ein einfaches Wenden erm\u00f6glicht. Er eignet sich f\u00fcr H\u00e4ndler, Bauunternehmer, Vermietungsunternehmen und K\u00e4ufer, die eine vielseitige Kleinladerl\u00f6sung ben\u00f6tigen.<\/p>","protected":false},"excerpt":{"rendered":"<p>Dieser kompakte Elektroradlader der neuen Generation ist f\u00fcr flexibles Laden, Heben, Schaufeln und den Transport \u00fcber kurze Strecken konzipiert. Mit einem hydraulischen Ausleger, einer Frontschaufel und einer Anbauger\u00e4teoption in Form eines Gabelstaplers eignet er sich auch f\u00fcr landwirtschaftliche Betriebe, Lagerh\u00e4user, kleine Baustellen, Fabriken, H\u00f6fe und Umschlagaufgaben.<\/p>","protected":false},"featured_media":728,"template":"","meta":{"_gspb_post_css":""},"product_brand":[],"product_cat":[15,17],"product_tag":[57,55,42],"class_list":{"0":"post-733","1":"product","2":"type-product","3":"status-publish","4":"has-post-thumbnail","6":"product_cat-mini-loader","7":"product_cat-diesel-mini-loader","8":"product_tag-compact-loader","9":"product_tag-electric-wheel-loader","10":"product_tag-material-handling-equipment","12":"first","13":"instock","14":"shipping-taxable","15":"product-type-simple"},"_links":{"self":[{"href":"https:\/\/chinaminiloader.com\/de\/wp-json\/wp\/v2\/product\/733","targetHints":{"allow":["GET"]}}],"collection":[{"href":"https:\/\/chinaminiloader.com\/de\/wp-json\/wp\/v2\/product"}],"about":[{"href":"https:\/\/chinaminiloader.com\/de\/wp-json\/wp\/v2\/types\/product"}],"wp:featuredmedia":[{"embeddable":true,"href":"https:\/\/chinaminiloader.com\/de\/wp-json\/wp\/v2\/media\/728"}],"wp:attachment":[{"href":"https:\/\/chinaminiloader.com\/de\/wp-json\/wp\/v2\/media?parent=733"}],"wp:term":[{"taxonomy":"product_brand","embeddable":true,"href":"https:\/\/chinaminiloader.com\/de\/wp-json\/wp\/v2\/product_brand?post=733"},{"taxonomy":"product_cat","embeddable":true,"href":"https:\/\/chinaminiloader.com\/de\/wp-json\/wp\/v2\/product_cat?post=733"},{"taxonomy":"product_tag","embeddable":true,"href":"https:\/\/chinaminiloader.com\/de\/wp-json\/wp\/v2\/product_tag?post=733"}],"curies":[{"name":"wp","href":"https:\/\/api.w.org\/{rel}","templated":true}]}}