{"id":288,"date":"2026-04-25T06:33:59","date_gmt":"2026-04-25T06:33:59","guid":{"rendered":"https:\/\/chinaminiloader.com\/?post_type=product&#038;p=288"},"modified":"2026-04-25T06:33:59","modified_gmt":"2026-04-25T06:33:59","slug":"electric-tricycle-scissor-lift-platform-for-site-work-use","status":"publish","type":"product","link":"https:\/\/chinaminiloader.com\/de\/electric-tricycle-scissor-lift-platform-for-site-work-use\/","title":{"rendered":"Elektrische Dreirad-Scherenhebeb\u00fchne f\u00fcr Baustelleneins\u00e4tze"},"content":{"rendered":"<p>Diese elektrische Dreiradscherenb\u00fchne kombiniert batteriebetriebenes Fahren mit einer hydraulischen Hubplattform f\u00fcr flexible Arbeiten in der Luft. Das gesch\u00fctzte Deck, die hochbelastbare Scherenkonstruktion und vier stabilisierende Ausleger unterst\u00fctzen den sicheren Betrieb bei Wartungs-, Installations-, Logistik- und Bauarbeiten.<\/p>","protected":false},"excerpt":{"rendered":"<p>Diese elektrische Dreiradscherenb\u00fchne kombiniert batteriebetriebenes Fahren mit einer hydraulischen Hubplattform f\u00fcr flexible Arbeiten in der Luft. Das gesch\u00fctzte Deck, die hochbelastbare Scherenkonstruktion und vier stabilisierende Ausleger unterst\u00fctzen den sicheren Betrieb bei Wartungs-, Installations-, Logistik- und Bauarbeiten.<\/p>","protected":false},"featured_media":293,"template":"","meta":{"_gspb_post_css":""},"product_brand":[],"product_cat":[23,22],"product_tag":[83,39,84],"class_list":{"0":"post-288","1":"product","2":"type-product","3":"status-publish","4":"has-post-thumbnail","6":"product_cat-electric-tricycle-lift-truck","7":"product_cat-lift-platform","8":"product_tag-electric-tricycle-lift","9":"product_tag-mobile-aerial-work-platform","10":"product_tag-scissor-lift-platform","12":"first","13":"instock","14":"shipping-taxable","15":"product-type-simple"},"_links":{"self":[{"href":"https:\/\/chinaminiloader.com\/de\/wp-json\/wp\/v2\/product\/288","targetHints":{"allow":["GET"]}}],"collection":[{"href":"https:\/\/chinaminiloader.com\/de\/wp-json\/wp\/v2\/product"}],"about":[{"href":"https:\/\/chinaminiloader.com\/de\/wp-json\/wp\/v2\/types\/product"}],"wp:featuredmedia":[{"embeddable":true,"href":"https:\/\/chinaminiloader.com\/de\/wp-json\/wp\/v2\/media\/293"}],"wp:attachment":[{"href":"https:\/\/chinaminiloader.com\/de\/wp-json\/wp\/v2\/media?parent=288"}],"wp:term":[{"taxonomy":"product_brand","embeddable":true,"href":"https:\/\/chinaminiloader.com\/de\/wp-json\/wp\/v2\/product_brand?post=288"},{"taxonomy":"product_cat","embeddable":true,"href":"https:\/\/chinaminiloader.com\/de\/wp-json\/wp\/v2\/product_cat?post=288"},{"taxonomy":"product_tag","embeddable":true,"href":"https:\/\/chinaminiloader.com\/de\/wp-json\/wp\/v2\/product_tag?post=288"}],"curies":[{"name":"wp","href":"https:\/\/api.w.org\/{rel}","templated":true}]}}