{"id":266,"date":"2026-04-25T03:23:31","date_gmt":"2026-04-25T03:23:31","guid":{"rendered":"https:\/\/chinaminiloader.com\/?post_type=product&#038;p=266"},"modified":"2026-04-25T03:23:31","modified_gmt":"2026-04-25T03:23:31","slug":"hydraulic-freight-elevators-for-efficient-material-handling","status":"publish","type":"product","link":"https:\/\/chinaminiloader.com\/de\/hydraulic-freight-elevators-for-efficient-material-handling\/","title":{"rendered":"Hydraulische Lastenaufz\u00fcge f\u00fcr effizienten Materialumschlag"},"content":{"rendered":"<p>Unsere hydraulischen Lastenaufz\u00fcge sind f\u00fcr den harten Einsatz konzipiert und erf\u00fcllen die Anforderungen von Baustellen, Lagern und Fabriken. Mit dem Schwerpunkt auf Langlebigkeit und Sicherheit erleichtern diese Aufz\u00fcge den reibungslosen Materialtransport und erm\u00f6glichen die effiziente Bef\u00f6rderung von G\u00fctern zwischen den Etagen. Das fortschrittliche Hydrauliksystem sorgt f\u00fcr eine kraftvolle und pr\u00e4zise Bewegung, w\u00e4hrend die robuste Konstruktion selbst in den schwierigsten Umgebungen eine lang anhaltende Leistung garantiert. Ob zum Heben schwerer Maschinen, Materialien oder Produkte, unsere hydraulischen Lastenaufz\u00fcge sind eine zuverl\u00e4ssige L\u00f6sung f\u00fcr Ihre Materialtransportanforderungen.<\/p>","protected":false},"excerpt":{"rendered":"<p>Unsere hydraulischen Lastenaufz\u00fcge sind f\u00fcr den robusten Materialtransport in Bau- und Industrieumgebungen konzipiert. Sie zeichnen sich durch eine hohe Tragf\u00e4higkeit, einen reibungslosen Betrieb und Sicherheitsmerkmale aus und sind somit ideal f\u00fcr den Transport schwerer G\u00fcter \u00fcber verschiedene Etagen in Lagern, Fabriken und auf Baustellen.<\/p>","protected":false},"featured_media":271,"template":"","meta":{"_gspb_post_css":""},"product_brand":[],"product_cat":[19,21],"product_tag":[44,50,42],"class_list":{"0":"post-266","1":"product","2":"type-product","3":"status-publish","4":"has-post-thumbnail","6":"product_cat-freight-elevator","7":"product_cat-hydraulic-freight-elevator","8":"product_tag-construction-platform","9":"product_tag-hydraulic-freight-elevator","10":"product_tag-material-handling-equipment","12":"first","13":"instock","14":"shipping-taxable","15":"product-type-simple"},"_links":{"self":[{"href":"https:\/\/chinaminiloader.com\/de\/wp-json\/wp\/v2\/product\/266","targetHints":{"allow":["GET"]}}],"collection":[{"href":"https:\/\/chinaminiloader.com\/de\/wp-json\/wp\/v2\/product"}],"about":[{"href":"https:\/\/chinaminiloader.com\/de\/wp-json\/wp\/v2\/types\/product"}],"wp:featuredmedia":[{"embeddable":true,"href":"https:\/\/chinaminiloader.com\/de\/wp-json\/wp\/v2\/media\/271"}],"wp:attachment":[{"href":"https:\/\/chinaminiloader.com\/de\/wp-json\/wp\/v2\/media?parent=266"}],"wp:term":[{"taxonomy":"product_brand","embeddable":true,"href":"https:\/\/chinaminiloader.com\/de\/wp-json\/wp\/v2\/product_brand?post=266"},{"taxonomy":"product_cat","embeddable":true,"href":"https:\/\/chinaminiloader.com\/de\/wp-json\/wp\/v2\/product_cat?post=266"},{"taxonomy":"product_tag","embeddable":true,"href":"https:\/\/chinaminiloader.com\/de\/wp-json\/wp\/v2\/product_tag?post=266"}],"curies":[{"name":"wp","href":"https:\/\/api.w.org\/{rel}","templated":true}]}}