{"id":1126,"date":"2026-04-27T08:59:11","date_gmt":"2026-04-27T08:59:11","guid":{"rendered":"https:\/\/chinaminiloader.com\/?post_type=product&#038;p=1126"},"modified":"2026-04-27T08:59:11","modified_gmt":"2026-04-27T08:59:11","slug":"remote-control-tracked-slope-mower-with-dozer-blade","status":"publish","type":"product","link":"https:\/\/chinaminiloader.com\/de\/remote-control-tracked-slope-mower-with-dozer-blade\/","title":{"rendered":"Ferngesteuerter Raupenm\u00e4her mit Planierschild"},"content":{"rendered":"<p>Der ferngesteuerte Hangm\u00e4her mit Raupenfahrwerk ist eine vielseitige und robuste L\u00f6sung f\u00fcr schwieriges Terrain und anspruchsvolle Umgebungen. Mit seinem niedrigen Schwerpunkt und den robusten Raupenfahrwerken bietet er hervorragende Stabilit\u00e4t an steilen H\u00e4ngen und auf unebenen Fl\u00e4chen. Das integrierte Planierschild an der Vorderseite erh\u00f6ht seine Funktionalit\u00e4t und erm\u00f6glicht den leichten Materialtransport und die R\u00e4umung von Fl\u00e4chen. Diese Maschine ist ideal f\u00fcr den Einsatz in der Landwirtschaft, im Landschaftsbau und im Baugewerbe und verbessert die Effizienz bei gleichzeitiger Reduzierung des Arbeitsrisikos. Der ferngesteuerte Betrieb sorgt f\u00fcr die Sicherheit des Fahrers und erm\u00f6glicht den Einsatz in gef\u00e4hrlichen oder schwer zug\u00e4nglichen Bereichen, in denen herk\u00f6mmliche Ger\u00e4te nicht effektiv arbeiten k\u00f6nnen.<\/p>","protected":false},"excerpt":{"rendered":"<p>Dieser ferngesteuerte Hangm\u00e4her mit Raupenfahrwerk ist f\u00fcr steiles Gel\u00e4nde und anspruchsvolle Umgebungen konzipiert. Ausgestattet mit einem robusten Fahrgestell, einem leistungsstarken Motor und einem vorderen Planierschild sorgt er f\u00fcr effizientes M\u00e4hen von Gras, Rodung und Materialtransport bei erh\u00f6hter Sicherheit und Stabilit\u00e4t.<\/p>","protected":false},"featured_media":1127,"template":"","meta":{"_gspb_post_css":""},"product_brand":[],"product_cat":[27],"product_tag":[208,209,115],"class_list":{"0":"post-1126","1":"product","2":"type-product","3":"status-publish","4":"has-post-thumbnail","6":"product_cat-crawler-lawn-mower","7":"product_tag-remote-slope-mower","8":"product_tag-robotic-construction-mower","9":"product_tag-tracked-grass-cutter","11":"first","12":"instock","13":"shipping-taxable","14":"product-type-simple"},"_links":{"self":[{"href":"https:\/\/chinaminiloader.com\/de\/wp-json\/wp\/v2\/product\/1126","targetHints":{"allow":["GET"]}}],"collection":[{"href":"https:\/\/chinaminiloader.com\/de\/wp-json\/wp\/v2\/product"}],"about":[{"href":"https:\/\/chinaminiloader.com\/de\/wp-json\/wp\/v2\/types\/product"}],"wp:featuredmedia":[{"embeddable":true,"href":"https:\/\/chinaminiloader.com\/de\/wp-json\/wp\/v2\/media\/1127"}],"wp:attachment":[{"href":"https:\/\/chinaminiloader.com\/de\/wp-json\/wp\/v2\/media?parent=1126"}],"wp:term":[{"taxonomy":"product_brand","embeddable":true,"href":"https:\/\/chinaminiloader.com\/de\/wp-json\/wp\/v2\/product_brand?post=1126"},{"taxonomy":"product_cat","embeddable":true,"href":"https:\/\/chinaminiloader.com\/de\/wp-json\/wp\/v2\/product_cat?post=1126"},{"taxonomy":"product_tag","embeddable":true,"href":"https:\/\/chinaminiloader.com\/de\/wp-json\/wp\/v2\/product_tag?post=1126"}],"curies":[{"name":"wp","href":"https:\/\/api.w.org\/{rel}","templated":true}]}}